{"id":97,"date":"2023-02-28T01:02:15","date_gmt":"2023-02-28T00:02:15","guid":{"rendered":"https:\/\/mobilhazkereso.hu\/?page_id=97"},"modified":"2026-04-17T10:38:05","modified_gmt":"2026-04-17T08:38:05","slug":"mediaajanlat","status":"publish","type":"page","link":"https:\/\/mobilhazkereso.hu\/?page_id=97","title":{"rendered":"M\u00e9diaaj\u00e1nlat"},"content":{"rendered":"\n<p>Mi\u00e9rt \u00e9rdemes megjelenni a MOBILH\u00c1ZKERES\u0150.HU-n?<\/p>\n\n\n\n<ul class=\"wp-block-list\">\n<li>Mert term\u00e9ke el\u00e9rhet\u0151v\u00e9 v\u00e1lik Magyarorsz\u00e1g els\u0151 \u00e9s legnagyobb mobilh\u00e1z keres\u0151 oldal\u00e1n!<\/li>\n\n\n\n<li>A Mobilh\u00e1zkeres\u0151.hu weboldal\u00e1r\u00f3l&nbsp;<strong>be\u00e9rkez\u0151 aj\u00e1nlatk\u00e9r\u00e9seket tov\u00e1bb\u00edtjuk<\/strong>&nbsp;el\u0151fizet\u0151 Partner\u00fcnk r\u00e9sz\u00e9re, \u00edgy C\u00e9g\u00fck a potenci\u00e1lis \u00e9rdekl\u0151d\u0151kkel k\u00f6zvetlen\u00fcl veheti fel a kapcsolatot.&nbsp;<\/li>\n\n\n\n<li>Mert a MOBILH\u00c1ZKERES\u0150.HU-n megjelen\u0151 Partnereinket a Facebook csoportjainkban is n\u00e9pszer\u0171s\u00edtj\u00fck, ahol t\u00f6bb, mint 50.000(!) mobilh\u00e1z keres\u0151 tag tal\u00e1lhat\u00f3!<\/li>\n\n\n\n<li>Weboldalunk l\u00e1togat\u00f3i kifejezetten a mobilh\u00e1zakat, modulh\u00e1zakat, k\u00f6nny\u0171szerkezetes h\u00e1zakat, SIP h\u00e1zakat, bubor\u00e9k h\u00e1zakat, kont\u00e9nerh\u00e1zakat, r\u00f6nkh\u00e1zakat, fah\u00e1zakat, \u00e9s a kapcsol\u00f3d\u00f3 szolg\u00e1ltat\u00f3kat keresik!<\/li>\n\n\n\n<li>Az \u00e9rdekl\u0151d\u0151k k\u00f6zvetlen\u00fcl a hirdet\u0151vel vehetik fel a kapcsolatot<\/li>\n\n\n\n<li>Az alap megjelen\u00e9s\u00e9n t\u00fal tov\u00e1bbi extra megjelen\u00e9seket tudunk biztos\u00edtani, pl.: \u201cKiemelt aj\u00e1nlat\u201d, el\u0151re sorol\u00e1s stb.<\/li>\n\n\n\n<li>Lehet\u0151s\u00e9get biztos\u00edtunk&nbsp;<strong>k\u00f6z\u00f6s szakmai cikkek megjelentet\u00e9s\u00e9re<\/strong>, melyet mind a weboldalunkon, mind a Facebook csoportjainkban is lehozunk. Ez az\u00e9rt hasznos C\u00e9g\u00fcknek, mert&nbsp;j\u00f3 hitelt ad a v\u00e1llalkoz\u00e1suknak&nbsp;a t\u00e9m\u00e1ban \u00e9rdekl\u0151d\u0151 olvas\u00f3 szemsz\u00f6g\u00e9b\u0151l, \u00e9s nem mellesleg&nbsp;kiv\u00e1l\u00f3 rekl\u00e1m\u00e9rt\u00e9ket biztos\u00edt.<\/li>\n\n\n\n<li>Mert hamarosan szinte az \u00f6sszes gy\u00e1rt\u00f3, forgalmaz\u00f3 el\u00e9rhet\u0151 lesz a MOBILH\u00c1Z KERES\u0150.HU-n<\/li>\n<\/ul>\n\n\n\n<div style=\"height:30px\" aria-hidden=\"true\" class=\"wp-block-spacer\"><\/div>\n\n\n\n<p>Mit tartalmaz eg\u00e9sz pontosan a megjelen\u00e9s?<\/p>\n\n\n\n<p><\/p>\n\n\n\n<ul class=\"wp-block-list\">\n<li>A MOBILH\u00c1Z KERES\u0150.HU relev\u00e1ns oldal\u00e1n (pl.: mobilh\u00e1zak, kont\u00e9nerh\u00e1zak) megjelenik C\u00e9g\u00fck aj\u00e1nlata, valamint egy bemutatkoz\u00f3 oldalt is l\u00e9trehozunk \u00f6nnek. Ezen a bemutatkoz\u00f3 oldalon lehet\u0151s\u00e9g\u00fck van megjelentetni C\u00e9g\u00fck szolg\u00e1ltat\u00e1sair\u00f3l sz\u00f3l\u00f3 le\u00edr\u00e1sokat, legfeljebb t\u00edz fot\u00f3t, el\u00e9rhet\u0151s\u00e9geket, \u00e9s egy kattinthat\u00f3 linket is, amely a C\u00e9g\u00fck weboldal\u00e1ra, vagy Facebook oldal\u00e1ra ir\u00e1ny\u00edtja az \u00e9rdekl\u0151d\u0151ket.<\/li>\n<\/ul>\n\n\n\n<div style=\"height:50px\" aria-hidden=\"true\" class=\"wp-block-spacer\"><\/div>\n\n\n\n<p>Szeretn\u00e9 ha az \u00d6n c\u00e9ge, term\u00e9ke is megjelenne a mobilh\u00e1z keres\u0151.hu-n? \u00cdrjon nek\u00fcnk!<\/p>\n\n\n\n<div class=\"wp-block-contact-form-7-contact-form-selector\">\n<div class=\"wpcf7 no-js\" id=\"wpcf7-f19-o1\" lang=\"hu-HU\" dir=\"ltr\" data-wpcf7-id=\"19\">\n<div class=\"screen-reader-response\"><p role=\"status\" aria-live=\"polite\" aria-atomic=\"true\"><\/p> <ul><\/ul><\/div>\n<form action=\"\/index.php?rest_route=%2Fwp%2Fv2%2Fpages%2F97#wpcf7-f19-o1\" method=\"post\" class=\"wpcf7-form init\" aria-label=\"Kapcsolatfelv\u00e9teli \u0171rlap\" novalidate=\"novalidate\" data-status=\"init\">\n<fieldset class=\"hidden-fields-container\"><input type=\"hidden\" name=\"_wpcf7\" value=\"19\" \/><input type=\"hidden\" name=\"_wpcf7_version\" value=\"6.1.5\" \/><input type=\"hidden\" name=\"_wpcf7_locale\" value=\"hu_HU\" \/><input type=\"hidden\" name=\"_wpcf7_unit_tag\" value=\"wpcf7-f19-o1\" \/><input type=\"hidden\" name=\"_wpcf7_container_post\" value=\"0\" \/><input type=\"hidden\" name=\"_wpcf7_posted_data_hash\" value=\"\" \/>\n<\/fieldset>\n<p><label> N\u00e9v<br \/>\n<span class=\"wpcf7-form-control-wrap\" data-name=\"your-name\"><input size=\"40\" maxlength=\"400\" class=\"wpcf7-form-control wpcf7-text wpcf7-validates-as-required\" autocomplete=\"name\" aria-required=\"true\" aria-invalid=\"false\" value=\"\" type=\"text\" name=\"your-name\" \/><\/span> <\/label>\n<\/p>\n<p><label> E-mail c\u00edm<br \/>\n<span class=\"wpcf7-form-control-wrap\" data-name=\"your-email\"><input size=\"40\" maxlength=\"400\" class=\"wpcf7-form-control wpcf7-email wpcf7-validates-as-required wpcf7-text wpcf7-validates-as-email\" autocomplete=\"email\" aria-required=\"true\" aria-invalid=\"false\" value=\"\" type=\"email\" name=\"your-email\" \/><\/span> <\/label>\n<\/p>\n<p><label> T\u00e1rgy<br \/>\n<span class=\"wpcf7-form-control-wrap\" data-name=\"your-subject\"><input size=\"40\" maxlength=\"400\" class=\"wpcf7-form-control wpcf7-text wpcf7-validates-as-required\" aria-required=\"true\" aria-invalid=\"false\" value=\"\" type=\"text\" name=\"your-subject\" \/><\/span> <\/label>\n<\/p>\n<p><label> \u00dczenet<br \/>\n<span class=\"wpcf7-form-control-wrap\" data-name=\"your-message\"><textarea cols=\"40\" rows=\"10\" maxlength=\"2000\" class=\"wpcf7-form-control wpcf7-textarea\" aria-invalid=\"false\" name=\"your-message\"><\/textarea><\/span> <\/label>\n<\/p>\n<p><input class=\"wpcf7-form-control wpcf7-submit has-spinner\" type=\"submit\" value=\"Bek\u00fcld\u00e9s\" \/>\n<\/p><div class=\"wpcf7-response-output\" aria-hidden=\"true\"><\/div>\n<\/form>\n<\/div>\n<\/div>\n","protected":false},"excerpt":{"rendered":"<p>Mi\u00e9rt \u00e9rdemes megjelenni a MOBILH\u00c1ZKERES\u0150.HU-n? Mit tartalmaz eg\u00e9sz pontosan a megjelen\u00e9s? Szeretn\u00e9 ha az \u00d6n c\u00e9ge, term\u00e9ke is megjelenne a mobilh\u00e1z keres\u0151.hu-n? \u00cdrjon nek\u00fcnk!<\/p>\n","protected":false},"author":2,"featured_media":0,"parent":0,"menu_order":0,"comment_status":"closed","ping_status":"closed","template":"","meta":{"_monsterinsights_skip_tracking":false,"_monsterinsights_sitenote_active":false,"_monsterinsights_sitenote_note":"","_monsterinsights_sitenote_category":0,"ngg_post_thumbnail":0,"footnotes":""},"class_list":["post-97","page","type-page","status-publish","hentry"],"_links":{"self":[{"href":"https:\/\/mobilhazkereso.hu\/index.php?rest_route=\/wp\/v2\/pages\/97","targetHints":{"allow":["GET"]}}],"collection":[{"href":"https:\/\/mobilhazkereso.hu\/index.php?rest_route=\/wp\/v2\/pages"}],"about":[{"href":"https:\/\/mobilhazkereso.hu\/index.php?rest_route=\/wp\/v2\/types\/page"}],"author":[{"embeddable":true,"href":"https:\/\/mobilhazkereso.hu\/index.php?rest_route=\/wp\/v2\/users\/2"}],"replies":[{"embeddable":true,"href":"https:\/\/mobilhazkereso.hu\/index.php?rest_route=%2Fwp%2Fv2%2Fcomments&post=97"}],"version-history":[{"count":22,"href":"https:\/\/mobilhazkereso.hu\/index.php?rest_route=\/wp\/v2\/pages\/97\/revisions"}],"predecessor-version":[{"id":2896,"href":"https:\/\/mobilhazkereso.hu\/index.php?rest_route=\/wp\/v2\/pages\/97\/revisions\/2896"}],"wp:attachment":[{"href":"https:\/\/mobilhazkereso.hu\/index.php?rest_route=%2Fwp%2Fv2%2Fmedia&parent=97"}],"curies":[{"name":"wp","href":"https:\/\/api.w.org\/{rel}","templated":true}]}}