{"id":791,"date":"2023-04-19T21:16:53","date_gmt":"2023-04-19T19:16:53","guid":{"rendered":"https:\/\/mobilhazkereso.hu\/?page_id=791"},"modified":"2023-04-19T21:16:53","modified_gmt":"2023-04-19T19:16:53","slug":"fogalomtar-mi-az-ronkhaz","status":"publish","type":"page","link":"https:\/\/mobilhazkereso.hu\/?page_id=791","title":{"rendered":"Fogalomt\u00e1r &#8211; Mi az r\u00f6nkh\u00e1z?"},"content":{"rendered":"\n<p>A r\u00f6nkh\u00e1zak egy hagyom\u00e1nyos \u00e9p\u00edt\u00e9szeti st\u00edlust k\u00e9pviselnek, melyben a h\u00e1zak f\u0151 \u00e9p\u00edt\u0151anyaga az egym\u00e1sra helyezett \u00e9s \u00f6sszeillesztett fat\u00f6rzsek. Ezek az \u00e9p\u00fcletek \u00e1ltal\u00e1ban erdei k\u00f6rnyezetben tal\u00e1lhat\u00f3k, \u00e9s sz\u00e1mos el\u0151nnyel rendelkeznek, mint p\u00e9ld\u00e1ul a term\u00e9szetes megjelen\u00e9s\u00fck \u00e9s a j\u00f3 h\u0151szigetel\u00e9s\u00fck.&nbsp;<\/p>\n\n\n\n<p>A r\u00f6nkh\u00e1zak alapvet\u0151en k\u00e9tf\u00e9le m\u00f3don \u00e9p\u00fclhetnek: k\u00e9zzel faragott fat\u00f6rzsekb\u0151l vagy el\u0151re gy\u00e1rtott, el\u0151re illesztett fat\u00f6rzsekb\u0151l, amelyek k\u00f6nnyebben \u00f6sszeszerelhet\u0151k \u00e9s k\u00f6nnyebb a h\u0151szigetel\u00e9s\u00fck. A r\u00f6nkh\u00e1zak az egyszer\u0171s\u00e9g\u00fck \u00e9s a term\u00e9szetes anyaghaszn\u00e1latuk miatt egyre n\u00e9pszer\u0171bb\u00e9 v\u00e1lnak a fenntarthat\u00f3 \u00e9letm\u00f3d ir\u00e1nt \u00e9rdekl\u0151d\u0151k k\u00f6r\u00e9ben. A r\u00f6nkh\u00e1zakban \u00e9l\u0151k sz\u00e1m\u00e1ra a term\u00e9szet k\u00f6zels\u00e9ge, az eg\u00e9szs\u00e9ges \u00e9letm\u00f3d \u00e9s az energiatakar\u00e9koss\u00e1g kiemelten fontos \u00e9rt\u00e9kek.<\/p>\n\n\n\n<div style=\"height:65px\" aria-hidden=\"true\" class=\"wp-block-spacer\"><\/div>\n\n\n\n<p><em>2023.04.19.<\/em><\/p>\n\n\n\n<p><em>A fenti cikk a Mobilh\u00e1zkeres\u0151.hu tulajdona.<\/em><\/p>\n\n\n\n<p><em>A Mobilh\u00e1zkeres\u0151.hu enged\u00e9lyt ad a szabad felhaszn\u00e1l\u00e1s\u00e1ra, de felt\u00e9tlen sz\u00fcks\u00e9ges az eredeti forr\u00e1s megjel\u00f6l\u00e9se, mely tartalmazza a Mobilh\u00e1zkeres\u0151.hu nev\u00e9t \u00e9s az eredeti cikkre mutat\u00f3 linket.<\/em><\/p>\n","protected":false},"excerpt":{"rendered":"<p>A r\u00f6nkh\u00e1zak egy hagyom\u00e1nyos \u00e9p\u00edt\u00e9szeti st\u00edlust k\u00e9pviselnek, melyben a h\u00e1zak f\u0151 \u00e9p\u00edt\u0151anyaga az egym\u00e1sra helyezett \u00e9s \u00f6sszeillesztett fat\u00f6rzsek. Ezek az \u00e9p\u00fcletek \u00e1ltal\u00e1ban erdei k\u00f6rnyezetben tal\u00e1lhat\u00f3k, \u00e9s sz\u00e1mos el\u0151nnyel rendelkeznek, mint p\u00e9ld\u00e1ul a term\u00e9szetes megjelen\u00e9s\u00fck \u00e9s a j\u00f3 h\u0151szigetel\u00e9s\u00fck.&nbsp; A r\u00f6nkh\u00e1zak alapvet\u0151en k\u00e9tf\u00e9le m\u00f3don \u00e9p\u00fclhetnek: k\u00e9zzel faragott fat\u00f6rzsekb\u0151l vagy el\u0151re gy\u00e1rtott, el\u0151re illesztett fat\u00f6rzsekb\u0151l, amelyek k\u00f6nnyebben&#8230;<\/p>\n","protected":false},"author":2,"featured_media":0,"parent":0,"menu_order":0,"comment_status":"closed","ping_status":"closed","template":"","meta":{"_monsterinsights_skip_tracking":false,"_monsterinsights_sitenote_active":false,"_monsterinsights_sitenote_note":"","_monsterinsights_sitenote_category":0,"ngg_post_thumbnail":0,"footnotes":""},"class_list":["post-791","page","type-page","status-publish","hentry"],"_links":{"self":[{"href":"https:\/\/mobilhazkereso.hu\/index.php?rest_route=\/wp\/v2\/pages\/791","targetHints":{"allow":["GET"]}}],"collection":[{"href":"https:\/\/mobilhazkereso.hu\/index.php?rest_route=\/wp\/v2\/pages"}],"about":[{"href":"https:\/\/mobilhazkereso.hu\/index.php?rest_route=\/wp\/v2\/types\/page"}],"author":[{"embeddable":true,"href":"https:\/\/mobilhazkereso.hu\/index.php?rest_route=\/wp\/v2\/users\/2"}],"replies":[{"embeddable":true,"href":"https:\/\/mobilhazkereso.hu\/index.php?rest_route=%2Fwp%2Fv2%2Fcomments&post=791"}],"version-history":[{"count":2,"href":"https:\/\/mobilhazkereso.hu\/index.php?rest_route=\/wp\/v2\/pages\/791\/revisions"}],"predecessor-version":[{"id":793,"href":"https:\/\/mobilhazkereso.hu\/index.php?rest_route=\/wp\/v2\/pages\/791\/revisions\/793"}],"wp:attachment":[{"href":"https:\/\/mobilhazkereso.hu\/index.php?rest_route=%2Fwp%2Fv2%2Fmedia&parent=791"}],"curies":[{"name":"wp","href":"https:\/\/api.w.org\/{rel}","templated":true}]}}