{"id":768,"date":"2023-04-19T21:02:46","date_gmt":"2023-04-19T19:02:46","guid":{"rendered":"https:\/\/mobilhazkereso.hu\/?page_id=768"},"modified":"2023-04-19T21:02:46","modified_gmt":"2023-04-19T19:02:46","slug":"fogalomtar-mi-az-kontenerhaz","status":"publish","type":"page","link":"https:\/\/mobilhazkereso.hu\/?page_id=768","title":{"rendered":"Fogalomt\u00e1r &#8211; Mi az kont\u00e9nerh\u00e1z?"},"content":{"rendered":"\n<p>A KONT\u00c9NERH\u00c1Z egy olyan \u00e9p\u00fclet, melyet sz\u00e1ll\u00edtm\u00e1nyoz\u00e1si vagy irodakont\u00e9nerekb\u0151l \u00e1ll\u00edtanak \u00f6ssze. Kev\u00e9sb\u00e9 h\u0151szigetelt, mint a mobilh\u00e1z, \u00edgy t\u00e9li haszn\u00e1lata sor\u00e1n k\u00fcl\u00f6n h\u0151szigetel\u00e9st ig\u00e9nyel, \u00e9s ny\u00e1ron kl\u00edmaberendez\u00e9s sz\u00fcks\u00e9ges, mivel er\u0151sen felmelegszik.&nbsp;<\/p>\n\n\n\n<p>A kont\u00e9nerh\u00e1zak \u00f6sszeszerel\u00e9se a helysz\u00ednen t\u00f6rt\u00e9nik, mivel az \u00e9p\u00fclet egyszer\u0171en \u00f6sszeilleszthet\u0151 a k\u00fcl\u00f6n\u00e1ll\u00f3 kont\u00e9nerek seg\u00edts\u00e9g\u00e9vel. Ez\u00e9rt sz\u00e1ll\u00edt\u00e1suk egyszer\u0171bb, mint a mobilh\u00e1zak\u00e9.<\/p>\n\n\n\n<div style=\"height:65px\" aria-hidden=\"true\" class=\"wp-block-spacer\"><\/div>\n\n\n\n<p><em>2023.04.19.<\/em><\/p>\n\n\n\n<p><em>A fenti cikk a Mobilh\u00e1zkeres\u0151.hu tulajdona.<\/em><\/p>\n\n\n\n<p><em>A Mobilh\u00e1zkeres\u0151.hu enged\u00e9lyt ad a szabad felhaszn\u00e1l\u00e1s\u00e1ra, de felt\u00e9tlen sz\u00fcks\u00e9ges az eredeti forr\u00e1s megjel\u00f6l\u00e9se, mely tartalmazza a Mobilh\u00e1zkeres\u0151.hu nev\u00e9t \u00e9s az eredeti cikkre mutat\u00f3 linket.<\/em><\/p>\n","protected":false},"excerpt":{"rendered":"<p>A KONT\u00c9NERH\u00c1Z egy olyan \u00e9p\u00fclet, melyet sz\u00e1ll\u00edtm\u00e1nyoz\u00e1si vagy irodakont\u00e9nerekb\u0151l \u00e1ll\u00edtanak \u00f6ssze. Kev\u00e9sb\u00e9 h\u0151szigetelt, mint a mobilh\u00e1z, \u00edgy t\u00e9li haszn\u00e1lata sor\u00e1n k\u00fcl\u00f6n h\u0151szigetel\u00e9st ig\u00e9nyel, \u00e9s ny\u00e1ron kl\u00edmaberendez\u00e9s sz\u00fcks\u00e9ges, mivel er\u0151sen felmelegszik.&nbsp; A kont\u00e9nerh\u00e1zak \u00f6sszeszerel\u00e9se a helysz\u00ednen t\u00f6rt\u00e9nik, mivel az \u00e9p\u00fclet egyszer\u0171en \u00f6sszeilleszthet\u0151 a k\u00fcl\u00f6n\u00e1ll\u00f3 kont\u00e9nerek seg\u00edts\u00e9g\u00e9vel. Ez\u00e9rt sz\u00e1ll\u00edt\u00e1suk egyszer\u0171bb, mint a mobilh\u00e1zak\u00e9. 2023.04.19. A fenti cikk&#8230;<\/p>\n","protected":false},"author":2,"featured_media":0,"parent":0,"menu_order":0,"comment_status":"closed","ping_status":"closed","template":"","meta":{"_monsterinsights_skip_tracking":false,"_monsterinsights_sitenote_active":false,"_monsterinsights_sitenote_note":"","_monsterinsights_sitenote_category":0,"ngg_post_thumbnail":0,"footnotes":""},"class_list":["post-768","page","type-page","status-publish","hentry"],"_links":{"self":[{"href":"https:\/\/mobilhazkereso.hu\/index.php?rest_route=\/wp\/v2\/pages\/768","targetHints":{"allow":["GET"]}}],"collection":[{"href":"https:\/\/mobilhazkereso.hu\/index.php?rest_route=\/wp\/v2\/pages"}],"about":[{"href":"https:\/\/mobilhazkereso.hu\/index.php?rest_route=\/wp\/v2\/types\/page"}],"author":[{"embeddable":true,"href":"https:\/\/mobilhazkereso.hu\/index.php?rest_route=\/wp\/v2\/users\/2"}],"replies":[{"embeddable":true,"href":"https:\/\/mobilhazkereso.hu\/index.php?rest_route=%2Fwp%2Fv2%2Fcomments&post=768"}],"version-history":[{"count":2,"href":"https:\/\/mobilhazkereso.hu\/index.php?rest_route=\/wp\/v2\/pages\/768\/revisions"}],"predecessor-version":[{"id":770,"href":"https:\/\/mobilhazkereso.hu\/index.php?rest_route=\/wp\/v2\/pages\/768\/revisions\/770"}],"wp:attachment":[{"href":"https:\/\/mobilhazkereso.hu\/index.php?rest_route=%2Fwp%2Fv2%2Fmedia&parent=768"}],"curies":[{"name":"wp","href":"https:\/\/api.w.org\/{rel}","templated":true}]}}