{"id":761,"date":"2023-04-19T20:57:00","date_gmt":"2023-04-19T18:57:00","guid":{"rendered":"https:\/\/mobilhazkereso.hu\/?page_id=761"},"modified":"2023-04-19T20:57:32","modified_gmt":"2023-04-19T18:57:32","slug":"fogalomtar-mi-az-a-modularis-lakoepulet","status":"publish","type":"page","link":"https:\/\/mobilhazkereso.hu\/?page_id=761","title":{"rendered":"Fogalomt\u00e1r &#8211; Mi az a modul\u00e1ris lak\u00f3\u00e9p\u00fclet?"},"content":{"rendered":"\n<p>A modul\u00e1ris lak\u00f3\u00e9p\u00fclet olyan \u00e9p\u00fclet, amelyet el\u0151re gy\u00e1rtott, egym\u00e1shoz kapcsol\u00f3d\u00f3 modulokb\u00f3l \u00e1ll\u00edtanak \u00f6ssze. Ezek a modulok \u00e1ltal\u00e1ban ac\u00e9lv\u00e1zakb\u00f3l vagy betonb\u00f3l k\u00e9sz\u00fclnek, \u00e9s a helysz\u00ednen szerelik \u00f6ssze \u0151ket. Az \u00e9p\u00edt\u00e9si folyamat sor\u00e1n a modulok el\u0151zetesen el\u0151k\u00e9sz\u00edtett helyre ker\u00fclnek, majd azokat a helysz\u00ednen \u00f6sszekapcsolj\u00e1k.&nbsp;<\/p>\n\n\n\n<p>A modul\u00e1ris lak\u00f3\u00e9p\u00fcletek rendk\u00edv\u00fcl sokoldal\u00faak \u00e9s alkalmazkod\u00f3k\u00e9pesek, ez\u00e9rt sz\u00e1mos ter\u00fcleten haszn\u00e1lj\u00e1k \u0151ket, ide\u00e9rtve a lak\u00f3h\u00e1zakat, iskol\u00e1kat, irod\u00e1kat \u00e9s k\u00f3rh\u00e1zakat is. Az ilyen \u00e9p\u00fcletek gyorsabb \u00e9s k\u00f6lts\u00e9ghat\u00e9konyabb \u00e9p\u00edt\u00e9si folyamatot biztos\u00edtanak, \u00e9s lehet\u0151v\u00e9 teszik a rugalmasabb tervez\u00e9st \u00e9s az egyedi ig\u00e9nyekre val\u00f3 jobb reag\u00e1l\u00e1st. Emellett a modul\u00e1ris lak\u00f3\u00e9p\u00fcletek rendk\u00edv\u00fcl energiatakar\u00e9kosak lehetnek, \u00e9s lehet\u0151s\u00e9get ny\u00fajtanak a k\u00f6rnyezettudatos \u00e9p\u00edt\u00e9sre is.<\/p>\n\n\n\n<div style=\"height:65px\" aria-hidden=\"true\" class=\"wp-block-spacer\"><\/div>\n\n\n\n<p><em>2023.04.19.<\/em><\/p>\n\n\n\n<p><em>A fenti cikk a Mobilh\u00e1zkeres\u0151.hu tulajdona.<\/em><\/p>\n\n\n\n<p><em>A Mobilh\u00e1zkeres\u0151.hu enged\u00e9lyt ad a szabad felhaszn\u00e1l\u00e1s\u00e1ra, de felt\u00e9tlen sz\u00fcks\u00e9ges az eredeti forr\u00e1s megjel\u00f6l\u00e9se, mely tartalmazza a Mobilh\u00e1zkeres\u0151.hu nev\u00e9t \u00e9s az eredeti cikkre mutat\u00f3 linket.<\/em><\/p>\n","protected":false},"excerpt":{"rendered":"<p>A modul\u00e1ris lak\u00f3\u00e9p\u00fclet olyan \u00e9p\u00fclet, amelyet el\u0151re gy\u00e1rtott, egym\u00e1shoz kapcsol\u00f3d\u00f3 modulokb\u00f3l \u00e1ll\u00edtanak \u00f6ssze. Ezek a modulok \u00e1ltal\u00e1ban ac\u00e9lv\u00e1zakb\u00f3l vagy betonb\u00f3l k\u00e9sz\u00fclnek, \u00e9s a helysz\u00ednen szerelik \u00f6ssze \u0151ket. Az \u00e9p\u00edt\u00e9si folyamat sor\u00e1n a modulok el\u0151zetesen el\u0151k\u00e9sz\u00edtett helyre ker\u00fclnek, majd azokat a helysz\u00ednen \u00f6sszekapcsolj\u00e1k.&nbsp; A modul\u00e1ris lak\u00f3\u00e9p\u00fcletek rendk\u00edv\u00fcl sokoldal\u00faak \u00e9s alkalmazkod\u00f3k\u00e9pesek, ez\u00e9rt sz\u00e1mos ter\u00fcleten haszn\u00e1lj\u00e1k \u0151ket, ide\u00e9rtve&#8230;<\/p>\n","protected":false},"author":2,"featured_media":0,"parent":0,"menu_order":0,"comment_status":"closed","ping_status":"closed","template":"","meta":{"_monsterinsights_skip_tracking":false,"_monsterinsights_sitenote_active":false,"_monsterinsights_sitenote_note":"","_monsterinsights_sitenote_category":0,"ngg_post_thumbnail":0,"footnotes":""},"class_list":["post-761","page","type-page","status-publish","hentry"],"_links":{"self":[{"href":"https:\/\/mobilhazkereso.hu\/index.php?rest_route=\/wp\/v2\/pages\/761","targetHints":{"allow":["GET"]}}],"collection":[{"href":"https:\/\/mobilhazkereso.hu\/index.php?rest_route=\/wp\/v2\/pages"}],"about":[{"href":"https:\/\/mobilhazkereso.hu\/index.php?rest_route=\/wp\/v2\/types\/page"}],"author":[{"embeddable":true,"href":"https:\/\/mobilhazkereso.hu\/index.php?rest_route=\/wp\/v2\/users\/2"}],"replies":[{"embeddable":true,"href":"https:\/\/mobilhazkereso.hu\/index.php?rest_route=%2Fwp%2Fv2%2Fcomments&post=761"}],"version-history":[{"count":2,"href":"https:\/\/mobilhazkereso.hu\/index.php?rest_route=\/wp\/v2\/pages\/761\/revisions"}],"predecessor-version":[{"id":763,"href":"https:\/\/mobilhazkereso.hu\/index.php?rest_route=\/wp\/v2\/pages\/761\/revisions\/763"}],"wp:attachment":[{"href":"https:\/\/mobilhazkereso.hu\/index.php?rest_route=%2Fwp%2Fv2%2Fmedia&parent=761"}],"curies":[{"name":"wp","href":"https:\/\/api.w.org\/{rel}","templated":true}]}}