{"id":756,"date":"2023-04-19T20:54:07","date_gmt":"2023-04-19T18:54:07","guid":{"rendered":"https:\/\/mobilhazkereso.hu\/?page_id=756"},"modified":"2023-04-19T20:54:07","modified_gmt":"2023-04-19T18:54:07","slug":"fogalomtar-mi-az-a-keszhaz","status":"publish","type":"page","link":"https:\/\/mobilhazkereso.hu\/?page_id=756","title":{"rendered":"Fogalomt\u00e1r &#8211; Mi az a k\u00e9szh\u00e1z?"},"content":{"rendered":"\n<p>Az \u00e9p\u00edtett k\u00f6rnyezet\u00fcnkben a k\u00e9szh\u00e1z olyan \u00e9p\u00edt\u00e9si megold\u00e1s, amelynek elemei el\u0151re legy\u00e1rt\u00e1sra ker\u00fclnek, \u00e9s a telekre \u00e9rkezve \u00f6sszeszerelik \u0151ket. Ez a kivitelez\u00e9si m\u00f3d \u00e9p\u00edt\u00e9si munk\u00e1latnak min\u0151s\u00fcl, \u00edgy az enged\u00e9lyeztet\u00e9si folyamat \u00e9s az \u00e9p\u00edt\u00e9si el\u0151\u00edr\u00e1sok betart\u00e1sa elengedhetetlen.&nbsp;<\/p>\n\n\n\n<p>A k\u00e9szh\u00e1zak el\u0151nye, hogy a legt\u00f6bb esetben gyorsabb \u00e9s olcs\u00f3bb megold\u00e1st jelentenek, mint a hagyom\u00e1nyos \u00e9p\u00edtkez\u00e9s, valamint kisebb a hibalehet\u0151s\u00e9g\u00fck. Az elk\u00e9sz\u00fclt k\u00e9szh\u00e1zakat pedig ingatlanvagyonk\u00e9nt kezelik, \u00e9s azok ad\u00e1sv\u00e9tel\u00e9re, b\u00e9rbead\u00e1s\u00e1ra ugyan\u00fagy lehet\u0151s\u00e9g van, mint a hagyom\u00e1nyos \u00e9p\u00edt\u00e9s\u0171 ingatlanokn\u00e1l.<\/p>\n\n\n\n<div style=\"height:66px\" aria-hidden=\"true\" class=\"wp-block-spacer\"><\/div>\n\n\n\n<p><em>2023.04.19.<\/em><\/p>\n\n\n\n<p><em>A fenti cikk a Mobilh\u00e1zkeres\u0151.hu tulajdona.<\/em><\/p>\n\n\n\n<p><em>A Mobilh\u00e1zkeres\u0151.hu enged\u00e9lyt ad a szabad felhaszn\u00e1l\u00e1s\u00e1ra, de felt\u00e9tlen sz\u00fcks\u00e9ges az eredeti forr\u00e1s megjel\u00f6l\u00e9se, mely tartalmazza a Mobilh\u00e1zkeres\u0151.hu nev\u00e9t \u00e9s az eredeti cikkre mutat\u00f3 linket.<\/em><\/p>\n","protected":false},"excerpt":{"rendered":"<p>Az \u00e9p\u00edtett k\u00f6rnyezet\u00fcnkben a k\u00e9szh\u00e1z olyan \u00e9p\u00edt\u00e9si megold\u00e1s, amelynek elemei el\u0151re legy\u00e1rt\u00e1sra ker\u00fclnek, \u00e9s a telekre \u00e9rkezve \u00f6sszeszerelik \u0151ket. Ez a kivitelez\u00e9si m\u00f3d \u00e9p\u00edt\u00e9si munk\u00e1latnak min\u0151s\u00fcl, \u00edgy az enged\u00e9lyeztet\u00e9si folyamat \u00e9s az \u00e9p\u00edt\u00e9si el\u0151\u00edr\u00e1sok betart\u00e1sa elengedhetetlen.&nbsp; A k\u00e9szh\u00e1zak el\u0151nye, hogy a legt\u00f6bb esetben gyorsabb \u00e9s olcs\u00f3bb megold\u00e1st jelentenek, mint a hagyom\u00e1nyos \u00e9p\u00edtkez\u00e9s, valamint kisebb a&#8230;<\/p>\n","protected":false},"author":2,"featured_media":0,"parent":0,"menu_order":0,"comment_status":"closed","ping_status":"closed","template":"","meta":{"_monsterinsights_skip_tracking":false,"_monsterinsights_sitenote_active":false,"_monsterinsights_sitenote_note":"","_monsterinsights_sitenote_category":0,"ngg_post_thumbnail":0,"footnotes":""},"class_list":["post-756","page","type-page","status-publish","hentry"],"_links":{"self":[{"href":"https:\/\/mobilhazkereso.hu\/index.php?rest_route=\/wp\/v2\/pages\/756","targetHints":{"allow":["GET"]}}],"collection":[{"href":"https:\/\/mobilhazkereso.hu\/index.php?rest_route=\/wp\/v2\/pages"}],"about":[{"href":"https:\/\/mobilhazkereso.hu\/index.php?rest_route=\/wp\/v2\/types\/page"}],"author":[{"embeddable":true,"href":"https:\/\/mobilhazkereso.hu\/index.php?rest_route=\/wp\/v2\/users\/2"}],"replies":[{"embeddable":true,"href":"https:\/\/mobilhazkereso.hu\/index.php?rest_route=%2Fwp%2Fv2%2Fcomments&post=756"}],"version-history":[{"count":2,"href":"https:\/\/mobilhazkereso.hu\/index.php?rest_route=\/wp\/v2\/pages\/756\/revisions"}],"predecessor-version":[{"id":758,"href":"https:\/\/mobilhazkereso.hu\/index.php?rest_route=\/wp\/v2\/pages\/756\/revisions\/758"}],"wp:attachment":[{"href":"https:\/\/mobilhazkereso.hu\/index.php?rest_route=%2Fwp%2Fv2%2Fmedia&parent=756"}],"curies":[{"name":"wp","href":"https:\/\/api.w.org\/{rel}","templated":true}]}}