{"id":751,"date":"2023-04-19T20:50:47","date_gmt":"2023-04-19T18:50:47","guid":{"rendered":"https:\/\/mobilhazkereso.hu\/?page_id=751"},"modified":"2023-04-19T20:50:47","modified_gmt":"2023-04-19T18:50:47","slug":"fogalomtar-mi-az-a-mobilhaz","status":"publish","type":"page","link":"https:\/\/mobilhazkereso.hu\/?page_id=751","title":{"rendered":"Fogalomt\u00e1r &#8211; Mi az a mobilh\u00e1z?"},"content":{"rendered":"\n<p>A mobilh\u00e1z egy olyan \u00e9p\u00fclet, amely ac\u00e9l- vagy fav\u00e1zra \u00e9p\u00fcl, szendvics szerkezettel k\u00e9sz\u00fcl, \u00e9s lehet fa vagy alum\u00ednium burkolattal a k\u00fcls\u0151 falakon. Az \u00e9p\u00fclet bels\u0151 falai m\u0171anyagb\u00f3l, farostlemezb\u0151l vagy gipszkartonb\u00f3l k\u00e9sz\u00fclnek, \u00e9s festhet\u0151k vagy tap\u00e9t\u00e1zhat\u00f3k. Az egyes r\u00e9tegek k\u00f6z\u00f6tt fa vagy m\u00e1s h\u0151szigetel\u0151 anyagok vannak, mint p\u00e9ld\u00e1ul \u00fcveggyapot vagy k\u0151zetgyapot, \u00e9s az alap padl\u00f3zata OSB lapra fektetett lamin\u00e1lt parketta vagy PVC burkolattal ell\u00e1tott.&nbsp;<\/p>\n\n\n\n<p>A mobilh\u00e1z egy mozgathat\u00f3 \u00e9p\u00fclet, amelyet kamionnal vagy t\u00falm\u00e9retes sz\u00e1ll\u00edtm\u00e1nnyal sz\u00e1ll\u00edtanak. Ha gy\u00e1rt\u00f3t\u00f3l v\u00e1s\u00e1rolunk mobilh\u00e1zat, akkor kiv\u00e1laszthatjuk a bels\u0151 t\u00e9r elrendez\u00e9s\u00e9t, a padl\u00f3zat t\u00edpus\u00e1t, sz\u00edn\u00e9t, a ny\u00edl\u00e1sz\u00e1r\u00f3k elhelyezked\u00e9s\u00e9t, a keret sz\u00edn\u00e9t, a belt\u00e9ri ajt\u00f3k t\u00edpus\u00e1t, sz\u00edn\u00e9t, a falak sz\u00edn\u00e9t, a vil\u00e1g\u00edt\u00e1s elrendez\u00e9s\u00e9t, a konnektorok \u00e9s kapcsol\u00f3k elhelyezked\u00e9s\u00e9t, valamint a csempe t\u00edpus\u00e1t \u00e9s sz\u00edn\u00e9t, de k\u00e9rhetj\u00fck b\u00fator n\u00e9lk\u00fcl is.<\/p>\n\n\n\n<div style=\"height:66px\" aria-hidden=\"true\" class=\"wp-block-spacer\"><\/div>\n\n\n\n<p><em>2023.04.19.<\/em><\/p>\n\n\n\n<p><em>A fenti cikk a Mobilh\u00e1zkeres\u0151.hu tulajdona.<\/em><\/p>\n\n\n\n<p><em>A Mobilh\u00e1zkeres\u0151.hu enged\u00e9lyt ad a szabad felhaszn\u00e1l\u00e1s\u00e1ra, de felt\u00e9tlen sz\u00fcks\u00e9ges az eredeti forr\u00e1s megjel\u00f6l\u00e9se, mely tartalmazza a Mobilh\u00e1zkeres\u0151.hu nev\u00e9t \u00e9s az eredeti cikkre mutat\u00f3 linket.<\/em><\/p>\n","protected":false},"excerpt":{"rendered":"<p>A mobilh\u00e1z egy olyan \u00e9p\u00fclet, amely ac\u00e9l- vagy fav\u00e1zra \u00e9p\u00fcl, szendvics szerkezettel k\u00e9sz\u00fcl, \u00e9s lehet fa vagy alum\u00ednium burkolattal a k\u00fcls\u0151 falakon. Az \u00e9p\u00fclet bels\u0151 falai m\u0171anyagb\u00f3l, farostlemezb\u0151l vagy gipszkartonb\u00f3l k\u00e9sz\u00fclnek, \u00e9s festhet\u0151k vagy tap\u00e9t\u00e1zhat\u00f3k. Az egyes r\u00e9tegek k\u00f6z\u00f6tt fa vagy m\u00e1s h\u0151szigetel\u0151 anyagok vannak, mint p\u00e9ld\u00e1ul \u00fcveggyapot vagy k\u0151zetgyapot, \u00e9s az alap padl\u00f3zata OSB&#8230;<\/p>\n","protected":false},"author":2,"featured_media":0,"parent":0,"menu_order":0,"comment_status":"closed","ping_status":"closed","template":"","meta":{"_monsterinsights_skip_tracking":false,"_monsterinsights_sitenote_active":false,"_monsterinsights_sitenote_note":"","_monsterinsights_sitenote_category":0,"ngg_post_thumbnail":0,"footnotes":""},"class_list":["post-751","page","type-page","status-publish","hentry"],"_links":{"self":[{"href":"https:\/\/mobilhazkereso.hu\/index.php?rest_route=\/wp\/v2\/pages\/751","targetHints":{"allow":["GET"]}}],"collection":[{"href":"https:\/\/mobilhazkereso.hu\/index.php?rest_route=\/wp\/v2\/pages"}],"about":[{"href":"https:\/\/mobilhazkereso.hu\/index.php?rest_route=\/wp\/v2\/types\/page"}],"author":[{"embeddable":true,"href":"https:\/\/mobilhazkereso.hu\/index.php?rest_route=\/wp\/v2\/users\/2"}],"replies":[{"embeddable":true,"href":"https:\/\/mobilhazkereso.hu\/index.php?rest_route=%2Fwp%2Fv2%2Fcomments&post=751"}],"version-history":[{"count":2,"href":"https:\/\/mobilhazkereso.hu\/index.php?rest_route=\/wp\/v2\/pages\/751\/revisions"}],"predecessor-version":[{"id":753,"href":"https:\/\/mobilhazkereso.hu\/index.php?rest_route=\/wp\/v2\/pages\/751\/revisions\/753"}],"wp:attachment":[{"href":"https:\/\/mobilhazkereso.hu\/index.php?rest_route=%2Fwp%2Fv2%2Fmedia&parent=751"}],"curies":[{"name":"wp","href":"https:\/\/api.w.org\/{rel}","templated":true}]}}