{"id":747,"date":"2023-04-19T20:46:32","date_gmt":"2023-04-19T18:46:32","guid":{"rendered":"https:\/\/mobilhazkereso.hu\/?page_id=747"},"modified":"2023-04-19T20:46:32","modified_gmt":"2023-04-19T18:46:32","slug":"mik-a-modularis-lakoepuletek-elonyei","status":"publish","type":"page","link":"https:\/\/mobilhazkereso.hu\/?page_id=747","title":{"rendered":"Mik a modul\u00e1ris lak\u00f3\u00e9p\u00fcletek el\u0151nyei?"},"content":{"rendered":"\n<p>A modul\u00e1ris lak\u00f3\u00e9p\u00fcletek egyre n\u00e9pszer\u0171bbek azok k\u00f6r\u00e9ben, akik k\u00e9nyelmes, modern \u00e9s fenntarthat\u00f3 otthont szeretn\u00e9nek. Ezek az \u00e9p\u00fcletek olyan el\u0151regy\u00e1rtott modulokb\u00f3l \u00e1llnak, amelyeket gyakran k\u00e9sz\u00fclnek el\u0151gy\u00e1rtott elemekb\u0151l a gy\u00e1rt\u00f3soron, majd a helysz\u00ednen \u00f6sszeszerelik \u0151ket.<\/p>\n\n\n\n<p>Az egyik legnagyobb el\u0151nye a modul\u00e1ris lak\u00f3\u00e9p\u00fcleteknek, hogy sokkal gyorsabban \u00e9s hat\u00e9konyabban lehet \u0151ket \u00e9p\u00edteni, mint a hagyom\u00e1nyos m\u00f3dszerekkel. Az el\u0151regy\u00e1rtott modulokat a gy\u00e1rt\u00f3k gyakran tesztelik \u00e9s ellen\u0151rzik a min\u0151s\u00e9g biztos\u00edt\u00e1sa \u00e9rdek\u00e9ben, \u00e9s a helysz\u00edni \u00f6sszeszerel\u00e9s is sokkal r\u00f6videbb id\u0151t vesz ig\u00e9nybe.<\/p>\n\n\n\n<p>Emellett a modul\u00e1ris lak\u00f3\u00e9p\u00fcletek sokkal fenntarthat\u00f3bbak, mint a hagyom\u00e1nyos \u00e9p\u00edt\u00e9si m\u00f3dszerekkel k\u00e9sz\u00fclt lak\u00f3\u00e9p\u00fcletek. Az el\u0151re gy\u00e1rtott modulokat \u00fajrahasznos\u00edtott anyagokb\u00f3l k\u00e9sz\u00edtik, \u00e9s az \u00e9p\u00edtkez\u00e9si hullad\u00e9k is jelent\u0151sen cs\u00f6kken, mivel az \u00e9p\u00edt\u00e9s nagy r\u00e9sz\u00e9t a gy\u00e1rt\u00f3soron v\u00e9gzik.<\/p>\n\n\n\n<p>A modul\u00e1ris lak\u00f3\u00e9p\u00fcletek sokkal rugalmasabban alak\u00edthat\u00f3ak is, mint a hagyom\u00e1nyos \u00e9p\u00edt\u00e9si m\u00f3dszerekkel k\u00e9sz\u00fclt \u00e9p\u00fcletek. Az \u00e9p\u00edt\u0151k k\u00f6nnyed\u00e9n b\u0151v\u00edthetik, \u00e1talak\u00edthatj\u00e1k vagy elt\u00e1vol\u00edthatj\u00e1k a modulokat az \u00e9p\u00fcletb\u0151l, ami nagyon hasznos lehet, ha az otthoni ig\u00e9nyeink v\u00e1ltoznak.<\/p>\n\n\n\n<p>Az el\u0151regy\u00e1rtott modulok sz\u00e1ll\u00edt\u00e1sa is sokkal egyszer\u0171bb \u00e9s olcs\u00f3bb, mint a hagyom\u00e1nyos \u00e9p\u00edt\u0151anyagok sz\u00e1ll\u00edt\u00e1sa, mivel a modulok kisebb helyen elf\u00e9rnek, \u00edgy kevesebb sz\u00e1ll\u00edt\u00e1si k\u00f6lts\u00e9ggel j\u00e1rnak. Ezenk\u00edv\u00fcl a modul\u00e1ris lak\u00f3\u00e9p\u00fcletek \u00e9p\u00edt\u00e9se sokkal kevesebb zajjal \u00e9s zavar\u00f3 hat\u00e1ssal j\u00e1r a k\u00f6rnyezetre, mint a hagyom\u00e1nyos \u00e9p\u00edt\u00e9si m\u00f3dszerekkel k\u00e9sz\u00fclt \u00e9p\u00fcletek.<\/p>\n\n\n\n<p>A modul\u00e1ris lak\u00f3\u00e9p\u00fcletek gyakran modern, kifinomult megjelen\u00e9ssel rendelkeznek, amelyek kiel\u00e9g\u00edtik azoknak az ig\u00e9nyeit, akik szeretn\u00e9nek otthonukban divatos, modern k\u00f6rnyezetben \u00e9lni. Emellett sok gy\u00e1rt\u00f3 sz\u00e1mos testreszab\u00e1si lehet\u0151s\u00e9get k\u00edn\u00e1l az \u00e9p\u00fcletek m\u00e9ret\u00e9vel, kialak\u00edt\u00e1s\u00e1val, bels\u0151 kialak\u00edt\u00e1ssal \u00e9s kieg\u00e9sz\u00edt\u0151kkel.<\/p>\n\n\n\n<div style=\"height:65px\" aria-hidden=\"true\" class=\"wp-block-spacer\"><\/div>\n\n\n\n<p><em>2023.04.19.<\/em><\/p>\n\n\n\n<p><em>A fenti cikk a Mobilh\u00e1zkeres\u0151.hu tulajdona.<\/em><\/p>\n\n\n\n<p><em>A Mobilh\u00e1zkeres\u0151.hu enged\u00e9lyt ad a szabad felhaszn\u00e1l\u00e1s\u00e1ra, de felt\u00e9tlen sz\u00fcks\u00e9ges az eredeti forr\u00e1s megjel\u00f6l\u00e9se, mely tartalmazza a Mobilh\u00e1zkeres\u0151.hu nev\u00e9t \u00e9s az eredeti cikkre mutat\u00f3 linket.<\/em><\/p>\n","protected":false},"excerpt":{"rendered":"<p>A modul\u00e1ris lak\u00f3\u00e9p\u00fcletek egyre n\u00e9pszer\u0171bbek azok k\u00f6r\u00e9ben, akik k\u00e9nyelmes, modern \u00e9s fenntarthat\u00f3 otthont szeretn\u00e9nek. Ezek az \u00e9p\u00fcletek olyan el\u0151regy\u00e1rtott modulokb\u00f3l \u00e1llnak, amelyeket gyakran k\u00e9sz\u00fclnek el\u0151gy\u00e1rtott elemekb\u0151l a gy\u00e1rt\u00f3soron, majd a helysz\u00ednen \u00f6sszeszerelik \u0151ket. Az egyik legnagyobb el\u0151nye a modul\u00e1ris lak\u00f3\u00e9p\u00fcleteknek, hogy sokkal gyorsabban \u00e9s hat\u00e9konyabban lehet \u0151ket \u00e9p\u00edteni, mint a hagyom\u00e1nyos m\u00f3dszerekkel. Az el\u0151regy\u00e1rtott modulokat&#8230;<\/p>\n","protected":false},"author":2,"featured_media":0,"parent":0,"menu_order":0,"comment_status":"closed","ping_status":"closed","template":"","meta":{"_monsterinsights_skip_tracking":false,"_monsterinsights_sitenote_active":false,"_monsterinsights_sitenote_note":"","_monsterinsights_sitenote_category":0,"ngg_post_thumbnail":0,"footnotes":""},"class_list":["post-747","page","type-page","status-publish","hentry"],"_links":{"self":[{"href":"https:\/\/mobilhazkereso.hu\/index.php?rest_route=\/wp\/v2\/pages\/747","targetHints":{"allow":["GET"]}}],"collection":[{"href":"https:\/\/mobilhazkereso.hu\/index.php?rest_route=\/wp\/v2\/pages"}],"about":[{"href":"https:\/\/mobilhazkereso.hu\/index.php?rest_route=\/wp\/v2\/types\/page"}],"author":[{"embeddable":true,"href":"https:\/\/mobilhazkereso.hu\/index.php?rest_route=\/wp\/v2\/users\/2"}],"replies":[{"embeddable":true,"href":"https:\/\/mobilhazkereso.hu\/index.php?rest_route=%2Fwp%2Fv2%2Fcomments&post=747"}],"version-history":[{"count":1,"href":"https:\/\/mobilhazkereso.hu\/index.php?rest_route=\/wp\/v2\/pages\/747\/revisions"}],"predecessor-version":[{"id":748,"href":"https:\/\/mobilhazkereso.hu\/index.php?rest_route=\/wp\/v2\/pages\/747\/revisions\/748"}],"wp:attachment":[{"href":"https:\/\/mobilhazkereso.hu\/index.php?rest_route=%2Fwp%2Fv2%2Fmedia&parent=747"}],"curies":[{"name":"wp","href":"https:\/\/api.w.org\/{rel}","templated":true}]}}