{"id":740,"date":"2023-04-19T20:40:53","date_gmt":"2023-04-19T18:40:53","guid":{"rendered":"https:\/\/mobilhazkereso.hu\/?page_id=740"},"modified":"2023-04-19T20:44:31","modified_gmt":"2023-04-19T18:44:31","slug":"mobilhaz-vasarlas-elott-mobilhazba-koltozve-lesz-e-allando-lakcimunk","status":"publish","type":"page","link":"https:\/\/mobilhazkereso.hu\/?page_id=740","title":{"rendered":"Mobilh\u00e1z v\u00e1s\u00e1rl\u00e1s el\u0151tt &#8211; mobilh\u00e1zba k\u00f6lt\u00f6zve lesz-e \u00e1lland\u00f3 lakc\u00edm\u00fcnk?"},"content":{"rendered":"\n<p>Sokakban felmer\u00fcl a k\u00e9rd\u00e9s, hogy mobilh\u00e1zba k\u00f6lt\u00f6zve lesz-e \u00e1lland\u00f3 lakc\u00edm\u00fck. A v\u00e1lasz r\u00f6viden az, hogy att\u00f3l f\u00fcgg, hol helyezik el a mobilh\u00e1zukat. Ha a mobilh\u00e1z belter\u00fcleti telekre ker\u00fcl, akkor a telek c\u00edme lesz a lakc\u00edm\u00fcnk, \u00e9s a mobilh\u00e1z csak mint \u00e9p\u00fclet szerepel majd az ingatlan-nyilv\u00e1ntart\u00e1sban.<\/p>\n\n\n\n<p>Azonban, ha a mobilh\u00e1zat k\u00fclter\u00fcletre telep\u00edtik, akkor egy k\u00fcl\u00f6n proced\u00fara sz\u00fcks\u00e9ges az \u00e1lland\u00f3 lakc\u00edm megszerz\u00e9s\u00e9hez. Ebben az esetben az \u00f6nkorm\u00e1nyzathoz kell fordulni, hogy nevet adjanak a teleknek. Az \u00f6nkorm\u00e1nyzat d\u00f6nt a telek nev\u00e9r\u0151l.<\/p>\n\n\n\n<p>A k\u00fclter\u00fcleti lakc\u00edm eset\u00e9n fontos, hogy a mobilh\u00e1z tulajdonosainak egy\u00e9b k\u00f6telezetts\u00e9geik is lehetnek. P\u00e9ld\u00e1ul, a mobilh\u00e1zat a k\u00f6rnyezeti el\u0151\u00edr\u00e1soknak megfelel\u0151en kell elhelyezni, \u00e9s a szennyv\u00edzkezel\u00e9st is megfelel\u0151en kell megoldani.<\/p>\n\n\n\n<div style=\"height:64px\" aria-hidden=\"true\" class=\"wp-block-spacer\"><\/div>\n\n\n\n<p>2023.04.19.<\/p>\n\n\n\n<p><em>A fenti cikk a Mobilh\u00e1zkeres\u0151.hu tulajdona.<\/em><\/p>\n\n\n\n<p><em>A Mobilh\u00e1zkeres\u0151.hu enged\u00e9lyt ad a szabad felhaszn\u00e1l\u00e1s\u00e1ra, de felt\u00e9tlen sz\u00fcks\u00e9ges az eredeti forr\u00e1s megjel\u00f6l\u00e9se, mely tartalmazza a Mobilh\u00e1zkeres\u0151.hu nev\u00e9t \u00e9s az eredeti cikkre mutat\u00f3 linket.<\/em><\/p>\n","protected":false},"excerpt":{"rendered":"<p>Sokakban felmer\u00fcl a k\u00e9rd\u00e9s, hogy mobilh\u00e1zba k\u00f6lt\u00f6zve lesz-e \u00e1lland\u00f3 lakc\u00edm\u00fck. A v\u00e1lasz r\u00f6viden az, hogy att\u00f3l f\u00fcgg, hol helyezik el a mobilh\u00e1zukat. Ha a mobilh\u00e1z belter\u00fcleti telekre ker\u00fcl, akkor a telek c\u00edme lesz a lakc\u00edm\u00fcnk, \u00e9s a mobilh\u00e1z csak mint \u00e9p\u00fclet szerepel majd az ingatlan-nyilv\u00e1ntart\u00e1sban. Azonban, ha a mobilh\u00e1zat k\u00fclter\u00fcletre telep\u00edtik, akkor egy k\u00fcl\u00f6n proced\u00fara&#8230;<\/p>\n","protected":false},"author":2,"featured_media":0,"parent":0,"menu_order":0,"comment_status":"closed","ping_status":"closed","template":"","meta":{"_monsterinsights_skip_tracking":false,"_monsterinsights_sitenote_active":false,"_monsterinsights_sitenote_note":"","_monsterinsights_sitenote_category":0,"ngg_post_thumbnail":0,"footnotes":""},"class_list":["post-740","page","type-page","status-publish","hentry"],"_links":{"self":[{"href":"https:\/\/mobilhazkereso.hu\/index.php?rest_route=\/wp\/v2\/pages\/740","targetHints":{"allow":["GET"]}}],"collection":[{"href":"https:\/\/mobilhazkereso.hu\/index.php?rest_route=\/wp\/v2\/pages"}],"about":[{"href":"https:\/\/mobilhazkereso.hu\/index.php?rest_route=\/wp\/v2\/types\/page"}],"author":[{"embeddable":true,"href":"https:\/\/mobilhazkereso.hu\/index.php?rest_route=\/wp\/v2\/users\/2"}],"replies":[{"embeddable":true,"href":"https:\/\/mobilhazkereso.hu\/index.php?rest_route=%2Fwp%2Fv2%2Fcomments&post=740"}],"version-history":[{"count":3,"href":"https:\/\/mobilhazkereso.hu\/index.php?rest_route=\/wp\/v2\/pages\/740\/revisions"}],"predecessor-version":[{"id":746,"href":"https:\/\/mobilhazkereso.hu\/index.php?rest_route=\/wp\/v2\/pages\/740\/revisions\/746"}],"wp:attachment":[{"href":"https:\/\/mobilhazkereso.hu\/index.php?rest_route=%2Fwp%2Fv2%2Fmedia&parent=740"}],"curies":[{"name":"wp","href":"https:\/\/api.w.org\/{rel}","templated":true}]}}