{"id":735,"date":"2023-04-19T20:37:01","date_gmt":"2023-04-19T18:37:01","guid":{"rendered":"https:\/\/mobilhazkereso.hu\/?page_id=735"},"modified":"2023-04-19T20:37:01","modified_gmt":"2023-04-19T18:37:01","slug":"mobilhaz-vasarlas-elott-hitel-csok-biztositas","status":"publish","type":"page","link":"https:\/\/mobilhazkereso.hu\/?page_id=735","title":{"rendered":"Mobilh\u00e1z v\u00e1s\u00e1rl\u00e1s el\u0151tt &#8211; hitel, CSOK, biztos\u00edt\u00e1s"},"content":{"rendered":"\n<p><strong>Sokan, akik mobilh\u00e1zat szeretn\u00e9nek v\u00e1s\u00e1rolni, bizony\u00e1ra feltett\u00e9k m\u00e1r maguknak a k\u00e9rd\u00e9st, hogy vajon van-e lehet\u0151s\u00e9g hitelfelv\u00e9telre, illetve jogosultak-e CSOK-ra a mobilh\u00e1z v\u00e1s\u00e1rl\u00e1sa eset\u00e9n. Emellett gyakran felmer\u00fcl az is, hogy lehet-e k\u00f6tni biztos\u00edt\u00e1st a mobilh\u00e1zra.<\/strong><\/p>\n\n\n\n<p>A mobilh\u00e1zakhoz kapcsol\u00f3d\u00f3 p\u00e9nz\u00fcgyi lehet\u0151s\u00e9gek \u00e9s biztos\u00edt\u00e1sok k\u00e9rd\u00e9se sokakat \u00e9rint, akik ilyen t\u00edpus\u00fa lak\u00e1sban \u00e9lnek, vagy terveznek v\u00e1s\u00e1rolni egyet. A mobilh\u00e1zak v\u00e1s\u00e1rl\u00e1s\u00e1hoz hitelfelv\u00e9telre is sz\u00fcks\u00e9g lehet, azonban a p\u00e9nzint\u00e9zetek \u00e1ltal\u00e1ban nem fogadj\u00e1k el \u0151ket fedezetk\u00e9nt, \u00edgy a CSOK \u00e9s a lak\u00e1shitel sem el\u00e9rhet\u0151 erre a c\u00e9lra. Ennek ellen\u00e9re lehet\u0151s\u00e9g\u00fcnk van szabad felhaszn\u00e1l\u00e1s\u00fa szem\u00e9lyi hitelek felv\u00e9tel\u00e9re, amelyekkel finansz\u00edrozhatjuk a mobilh\u00e1zunkat.<\/p>\n\n\n\n<p>A mobilh\u00e1zak biztos\u00edt\u00e1s\u00e1nak k\u00e9rd\u00e9se azonban k\u00fcl\u00f6n megfontol\u00e1st ig\u00e9nyel. A biztos\u00edt\u00e1s t\u00edpusa a v\u00e1lasztott biztos\u00edt\u00f3t\u00e1rsas\u00e1gt\u00f3l f\u00fcgg, \u00e9s sokat sz\u00e1m\u00edt, hogy a mobilh\u00e1zunkat hov\u00e1 helyezt\u00fck el.<\/p>\n\n\n\n<p>Fontos kiemelni, hogy a mobilh\u00e1zak biztos\u00edt\u00e1si d\u00edjai \u00e1ltal\u00e1ban alacsonyabbak, mint a hagyom\u00e1nyos lak\u00f3ingatlanok\u00e9. Ennek oka lehet a mobilh\u00e1zak mozgathat\u00f3s\u00e1ga, a r\u00f6videbb \u00e9p\u00edt\u00e9si id\u0151 \u00e9s a kisebb ter\u00fcletig\u00e9ny.<\/p>\n\n\n\n<p>A mobilh\u00e1z tulajdonosainak \u00e9rdemes tiszt\u00e1ban lenni\u00fck azzal is, hogy a mobilh\u00e1zak \u00e1ltal\u00e1ban nem min\u0151s\u00fclnek ingatlannak. Ezen k\u00edv\u00fcl azonban a mobilh\u00e1zak sz\u00e1mos el\u0151nnyel is j\u00e1rnak, mint p\u00e9ld\u00e1ul a mobil \u00e9s rugalmas \u00e9letm\u00f3d, az alacsonyabb \u00e9letviteli k\u00f6lts\u00e9gek, a k\u00f6nny\u0171 karbantarthat\u00f3s\u00e1g \u00e9s az energiahat\u00e9konys\u00e1g.<\/p>\n\n\n\n<p>2023.04.19.&nbsp;<\/p>\n\n\n\n<p><em>A fenti cikk a Mobilh\u00e1zkeres\u0151.hu tulajdona.<\/em><\/p>\n\n\n\n<p><em>A Mobilh\u00e1zkeres\u0151.hu enged\u00e9lyt ad a szabad felhaszn\u00e1l\u00e1s\u00e1ra, de felt\u00e9tlen sz\u00fcks\u00e9ges az eredeti forr\u00e1s megjel\u00f6l\u00e9se, mely tartalmazza a Mobilh\u00e1zkeres\u0151.hu nev\u00e9t \u00e9s az eredeti cikkre mutat\u00f3 linket.<\/em><\/p>\n","protected":false},"excerpt":{"rendered":"<p>Sokan, akik mobilh\u00e1zat szeretn\u00e9nek v\u00e1s\u00e1rolni, bizony\u00e1ra feltett\u00e9k m\u00e1r maguknak a k\u00e9rd\u00e9st, hogy vajon van-e lehet\u0151s\u00e9g hitelfelv\u00e9telre, illetve jogosultak-e CSOK-ra a mobilh\u00e1z v\u00e1s\u00e1rl\u00e1sa eset\u00e9n. Emellett gyakran felmer\u00fcl az is, hogy lehet-e k\u00f6tni biztos\u00edt\u00e1st a mobilh\u00e1zra. A mobilh\u00e1zakhoz kapcsol\u00f3d\u00f3 p\u00e9nz\u00fcgyi lehet\u0151s\u00e9gek \u00e9s biztos\u00edt\u00e1sok k\u00e9rd\u00e9se sokakat \u00e9rint, akik ilyen t\u00edpus\u00fa lak\u00e1sban \u00e9lnek, vagy terveznek v\u00e1s\u00e1rolni egyet. A mobilh\u00e1zak&#8230;<\/p>\n","protected":false},"author":2,"featured_media":0,"parent":0,"menu_order":0,"comment_status":"closed","ping_status":"closed","template":"","meta":{"_monsterinsights_skip_tracking":false,"_monsterinsights_sitenote_active":false,"_monsterinsights_sitenote_note":"","_monsterinsights_sitenote_category":0,"ngg_post_thumbnail":0,"footnotes":""},"class_list":["post-735","page","type-page","status-publish","hentry"],"_links":{"self":[{"href":"https:\/\/mobilhazkereso.hu\/index.php?rest_route=\/wp\/v2\/pages\/735","targetHints":{"allow":["GET"]}}],"collection":[{"href":"https:\/\/mobilhazkereso.hu\/index.php?rest_route=\/wp\/v2\/pages"}],"about":[{"href":"https:\/\/mobilhazkereso.hu\/index.php?rest_route=\/wp\/v2\/types\/page"}],"author":[{"embeddable":true,"href":"https:\/\/mobilhazkereso.hu\/index.php?rest_route=\/wp\/v2\/users\/2"}],"replies":[{"embeddable":true,"href":"https:\/\/mobilhazkereso.hu\/index.php?rest_route=%2Fwp%2Fv2%2Fcomments&post=735"}],"version-history":[{"count":2,"href":"https:\/\/mobilhazkereso.hu\/index.php?rest_route=\/wp\/v2\/pages\/735\/revisions"}],"predecessor-version":[{"id":737,"href":"https:\/\/mobilhazkereso.hu\/index.php?rest_route=\/wp\/v2\/pages\/735\/revisions\/737"}],"wp:attachment":[{"href":"https:\/\/mobilhazkereso.hu\/index.php?rest_route=%2Fwp%2Fv2%2Fmedia&parent=735"}],"curies":[{"name":"wp","href":"https:\/\/api.w.org\/{rel}","templated":true}]}}