    {"id":513,"date":"2023-04-04T14:58:52","date_gmt":"2023-04-04T12:58:52","guid":{"rendered":"https:\/\/mobilhazkereso.hu\/?page_id=513"},"modified":"2023-04-04T15:36:56","modified_gmt":"2023-04-04T13:36:56","slug":"kerdezz-felelek-a-modularis-szendvicspanel-kontenerekrol-1-resz","status":"publish","type":"page","link":"https:\/\/mobilhazkereso.hu\/?page_id=513","title":{"rendered":"K\u00e9rdezz-felelek a modul\u00e1ris szendvicspanel kont\u00e9nerekr\u0151l 1. r\u00e9sz."},"content":{"rendered":"\n<p><strong>K\u00e9rdezz-felelek a modul\u00e1ris szendvicspanel kont\u00e9nerekr\u0151l. Mai besz\u00e9lget\u0151 partner\u00fcnk az <a href=\"https:\/\/mobilhazkereso.hu\/?page_id=347\" data-type=\"URL\" data-id=\"https:\/\/mobilhazkereso.hu\/?page_id=347\">EkoSpace kont\u00e9nerek gy\u00e1rt\u00f3ja<\/a>:<\/strong><\/p>\n\n\n\n<p>K:&nbsp;<\/p>\n\n\n\n<p>\u2022 Mik a modul\u00e1ris szendvicspanel kont\u00e9nerek el\u0151nyei?<\/p>\n\n\n\n<p>V:<\/p>\n\n\n\n<p>\u2022 Sz\u00e1mtalan el\u0151nnyel j\u00e1rnak a kont\u00e9nerek. Ilyen p\u00e9ld\u00e1ul az, hogy r\u00f6vid hat\u00e1rid\u0151vel k\u00e9sz\u00fclnek \u00e9s a megrendel\u0151knek nem kell hossz\u00fa h\u00f3napokon \u00e1t szakemberekkel k\u00fczdenie. 24 \u00f3r\u00e1n bel\u00fcl mozgathat\u00f3k egyik helyr\u0151l a m\u00e1sikra. J\u00f6v\u0151be mutat\u00f3 modern k\u00fcls\u0151vel rendelkeznek. Valamint a mai vil\u00e1gban fontos szempont: k\u00f6rnyezetbar\u00e1t, mivel az \u00e9p\u00edt\u00e9s sor\u00e1n nem keletkezik hullad\u00e9k. De tal\u00e1n a vev\u0151k sz\u00e1m\u00e1ra a legfontosabb az hogy k\u00f6lts\u00e9ghat\u00e9kony, mivel alacsony fenntart\u00e1si k\u00f6lts\u00e9gekkel \u00fczemeltethet\u0151!<\/p>\n\n\n\n<p>K:<\/p>\n\n\n\n<p>\u2022 A modul\u00e1ris szendvicspanel kont\u00e9nerek hitelre is megv\u00e1s\u00e1rolhat\u00f3k?<\/p>\n\n\n\n<p>V:<\/p>\n\n\n\n<p>\u2022 Az EkoSpace modul\u00e1ris szendvicspanel kont\u00e9nereket r\u00e9szletfizet\u00e9si lehet\u0151s\u00e9ggel is megv\u00e1s\u00e1rolhatja: Piaci l\u00edzing vagy KAVOSZ Sz\u00e9chenyi L\u00edzing MAX HUF fix konstrukci\u00f3ban.<\/p>\n\n\n\n<p>K:<\/p>\n\n\n\n<p>\u2022 Milyen extra felszerelts\u00e9g k\u00e9rhet\u0151 a modul\u00e1ris szendvicspanel kont\u00e9nerekhez?<\/p>\n\n\n\n<p>V:<\/p>\n\n\n\n<p>\u2022 Az <a href=\"http:\/\/www.ekospacekontener.hu\/\" data-type=\"URL\" data-id=\"http:\/\/www.ekospacekontener.hu\/\" target=\"_blank\" rel=\"noreferrer noopener\">EkoSpace modul\u00e1ris szendvicspanel kont\u00e9nerekhez<\/a> k\u00e9rhet\u0151: Inverteres H+F kl\u00edm\u00e1val, Red\u0151ny, Szaniter szerel\u00e9s, Konyhablokk, Riaszt\u00e1s telep\u00edt\u00e9se, Fedett terasz, vagy tejes b\u00fatoroz\u00e1s is ak\u00e1r.<\/p>\n\n\n\n<p>K:<\/p>\n\n\n\n<p>\u2022 Egy kont\u00e9ner eset\u00e9ben mi az alapfelszerelts\u00e9g?&nbsp;<\/p>\n\n\n\n<p>V:<\/p>\n\n\n\n<p>\u2022 Az EkoSpace kont\u00e9nerek eset\u00e9ben: 10cm szendvicspanel , 4db konnektor , l\u00e1mpa, villany eloszt\u00f3 szekr\u00e9ny, szell\u0151ztet\u0151 r\u00e1cs , PVC padl\u00f3 , alu ny\u00edl\u00e1sz\u00e1r\u00f3k mind az alapfelszerelts\u00e9g r\u00e9sz\u00e9t k\u00e9pezik.&nbsp;<\/p>\n\n\n\n<p>Ha tov\u00e1bbi k\u00e9rd\u00e9sed lenne az <a rel=\"noreferrer noopener\" href=\"http:\/\/www.ekospacekontener.hu\/\" data-type=\"URL\" data-id=\"http:\/\/www.ekospacekontener.hu\/\" target=\"_blank\">EkoSpace kont\u00e9nerekkel<\/a> kapcsolatban, fordulj bizalommal a gy\u00e1rt\u00f3hoz:<\/p>\n\n\n\n<p><a href=\"http:\/\/www.ekospacekontener.hu\/\" target=\"_blank\" rel=\"noreferrer noopener\">www.ekospacekontener.hu<\/a><br>+36\/70 202 0044<\/p>\n\n\n\n<p>Vagy, ha a kont\u00e9nerekr\u0151l lenne olyan k\u00e9rd\u00e9sed, ami itt nem hangzott el, <a href=\"https:\/\/mobilhazkereso.hu\/?page_id=45\" data-type=\"URL\" data-id=\"https:\/\/mobilhazkereso.hu\/?page_id=45\">\u00edrj nek\u00fcnk<\/a> \u00e9s a k\u00f6vetkez\u0151 cikk\u00fcnkben v\u00e1laszt kaphatsz r\u00e1!<\/p>\n\n\n\n<p><br><\/p>\n\n\n\n<div id=\"slider_6a06075798052\" class=\"slider_instance\" style=\"position: relative;\" data-options=\"{&quot;slides&quot;:[],&quot;rootFolder&quot;:&quot;https:\\\/\\\/mobilhazkereso.hu\\\/wp-content\\\/plugins\\\/transition-slider-lite\\\/&quot;}\"><\/div>\n\n\n\n<p><\/p>\n\n\n\n<p><\/p>\n\n\n\n<p>Ha itt nem tal\u00e1ltad meg amit kerest\u00e9l csatlakozz Facebook csoportjainkhoz, ahol t\u00f6bb, mint 50.000 tagot \u00e9rhetsz el! K\u00f6zt\u00fck mobilh\u00e1z forgalmaz\u00f3kat, k\u00f6nny\u0171szerkezetes h\u00e1z, vagy SIP h\u00e1z \u00e9p\u00edt\u0151ket, r\u00f6nk- vagy fah\u00e1z \u00e9p\u00edt\u0151ket, valamint kont\u00e9nerh\u00e1z forgalmaz\u00f3kat, \u00e9s a t\u00e9ma szak\u00e9rt\u0151it. <br><\/p>\n\n\n\n<p>Facebook csoportjaink:<\/p>\n\n\n\n<p><a href=\"https:\/\/www.facebook.com\/groups\/333982948335841\/\">Mobilh\u00e1zak, kont\u00e9nerh\u00e1zak \u00e9s k\u00f6nny\u0171 ac\u00e9lszerkezet\u0171 h\u00e1zak csoportja<\/a>&nbsp;<\/p>\n\n\n\n<p><a href=\"https:\/\/www.facebook.com\/groups\/1306612949878280\/\">Mobilh\u00e1zak, k\u00f6nny\u0171szerkezetes h\u00e1zak&nbsp;<\/a><\/p>\n\n\n\n<p><a href=\"https:\/\/www.facebook.com\/groups\/1172093236998490\/\">Mobilh\u00e1zak orsz\u00e1gos<\/a><\/p>\n\n\n\n<p><a href=\"https:\/\/www.facebook.com\/groups\/702719414276916\/\">Minden ami mobilh\u00e1z<\/a><\/p>\n\n\n\n<p><a href=\"https:\/\/www.facebook.com\/groups\/1148159652518327\">Mobilh\u00e1z, Kont\u00e9nerh\u00e1z, K\u00f6nny\u0171szerkezetes h\u00e1z, R\u00f6nk h\u00e1z, fah\u00e1z \u2013 adok-veszek<\/a><\/p>\n\n\n\n<p><a href=\"https:\/\/www.facebook.com\/groups\/1863732243998896\/\">Mobilh\u00e1zak, k\u00f6nny\u0171szerkezetes h\u00e1zak, r\u00f6nk h\u00e1zak<\/a><\/p>\n","protected":false},"excerpt":{"rendered":"<p>K\u00e9rdezz-felelek a modul\u00e1ris szendvicspanel kont\u00e9nerekr\u0151l. Mai besz\u00e9lget\u0151 partner\u00fcnk az EkoSpace kont\u00e9nerek gy\u00e1rt\u00f3ja: K:&nbsp; \u2022 Mik a modul\u00e1ris szendvicspanel kont\u00e9nerek el\u0151nyei? V: \u2022 Sz\u00e1mtalan el\u0151nnyel j\u00e1rnak a kont\u00e9nerek. Ilyen p\u00e9ld\u00e1ul az, hogy r\u00f6vid hat\u00e1rid\u0151vel k\u00e9sz\u00fclnek \u00e9s a megrendel\u0151knek nem kell hossz\u00fa h\u00f3napokon \u00e1t szakemberekkel k\u00fczdenie. 24 \u00f3r\u00e1n bel\u00fcl mozgathat\u00f3k egyik helyr\u0151l a m\u00e1sikra. J\u00f6v\u0151be mutat\u00f3 modern&#8230;<\/p>\n","protected":false},"author":2,"featured_media":0,"parent":0,"menu_order":0,"comment_status":"closed","ping_status":"closed","template":"","meta":{"_monsterinsights_skip_tracking":false,"_monsterinsights_sitenote_active":false,"_monsterinsights_sitenote_note":"","_monsterinsights_sitenote_category":0,"ngg_post_thumbnail":0,"footnotes":""},"class_list":["post-513","page","type-page","status-publish","hentry"],"_links":{"self":[{"href":"https:\/\/mobilhazkereso.hu\/index.php?rest_route=\/wp\/v2\/pages\/513","targetHints":{"allow":["GET"]}}],"collection":[{"href":"https:\/\/mobilhazkereso.hu\/index.php?rest_route=\/wp\/v2\/pages"}],"about":[{"href":"https:\/\/mobilhazkereso.hu\/index.php?rest_route=\/wp\/v2\/types\/page"}],"author":[{"embeddable":true,"href":"https:\/\/mobilhazkereso.hu\/index.php?rest_route=\/wp\/v2\/users\/2"}],"replies":[{"embeddable":true,"href":"https:\/\/mobilhazkereso.hu\/index.php?rest_route=%2Fwp%2Fv2%2Fcomments&post=513"}],"version-history":[{"count":10,"href":"https:\/\/mobilhazkereso.hu\/index.php?rest_route=\/wp\/v2\/pages\/513\/revisions"}],"predecessor-version":[{"id":544,"href":"https:\/\/mobilhazkereso.hu\/index.php?rest_route=\/wp\/v2\/pages\/513\/revisions\/544"}],"wp:attachment":[{"href":"https:\/\/mobilhazkereso.hu\/index.php?rest_route=%2Fwp%2Fv2%2Fmedia&parent=513"}],"curies":[{"name":"wp","href":"https:\/\/api.w.org\/{rel}","templated":true}]}}