{"id":45,"date":"2023-02-27T17:16:54","date_gmt":"2023-02-27T16:16:54","guid":{"rendered":"https:\/\/mobilhazkereso.hu\/?page_id=45"},"modified":"2023-03-23T13:24:46","modified_gmt":"2023-03-23T12:24:46","slug":"kapcsolat","status":"publish","type":"page","link":"https:\/\/mobilhazkereso.hu\/?page_id=45","title":{"rendered":"Kapcsolat"},"content":{"rendered":"\n<p>Szeretn\u00e9 ha az \u00d6n c\u00e9ge, term\u00e9ke is megjelenne a mobilh\u00e1z keres\u0151.hu-n? \u00cdrjon nek\u00fcnk!<\/p>\n\n\n\n<p><\/p>\n\n\n\n<div class=\"wp-block-contact-form-7-contact-form-selector\">\n<div class=\"wpcf7 no-js\" id=\"wpcf7-f19-o1\" lang=\"hu-HU\" dir=\"ltr\" data-wpcf7-id=\"19\">\n<div class=\"screen-reader-response\"><p role=\"status\" aria-live=\"polite\" aria-atomic=\"true\"><\/p> <ul><\/ul><\/div>\n<form action=\"\/index.php?rest_route=%2Fwp%2Fv2%2Fpages%2F45#wpcf7-f19-o1\" method=\"post\" class=\"wpcf7-form init\" aria-label=\"Kapcsolatfelv\u00e9teli \u0171rlap\" novalidate=\"novalidate\" data-status=\"init\">\n<fieldset class=\"hidden-fields-container\"><input type=\"hidden\" name=\"_wpcf7\" value=\"19\" \/><input type=\"hidden\" name=\"_wpcf7_version\" value=\"6.1.5\" \/><input type=\"hidden\" name=\"_wpcf7_locale\" value=\"hu_HU\" \/><input type=\"hidden\" name=\"_wpcf7_unit_tag\" value=\"wpcf7-f19-o1\" \/><input type=\"hidden\" name=\"_wpcf7_container_post\" value=\"0\" \/><input type=\"hidden\" name=\"_wpcf7_posted_data_hash\" value=\"\" \/>\n<\/fieldset>\n<p><label> N\u00e9v<br \/>\n<span class=\"wpcf7-form-control-wrap\" data-name=\"your-name\"><input size=\"40\" maxlength=\"400\" class=\"wpcf7-form-control wpcf7-text wpcf7-validates-as-required\" autocomplete=\"name\" aria-required=\"true\" aria-invalid=\"false\" value=\"\" type=\"text\" name=\"your-name\" \/><\/span> <\/label>\n<\/p>\n<p><label> E-mail c\u00edm<br \/>\n<span class=\"wpcf7-form-control-wrap\" data-name=\"your-email\"><input size=\"40\" maxlength=\"400\" class=\"wpcf7-form-control wpcf7-email wpcf7-validates-as-required wpcf7-text wpcf7-validates-as-email\" autocomplete=\"email\" aria-required=\"true\" aria-invalid=\"false\" value=\"\" type=\"email\" name=\"your-email\" \/><\/span> <\/label>\n<\/p>\n<p><label> T\u00e1rgy<br \/>\n<span class=\"wpcf7-form-control-wrap\" data-name=\"your-subject\"><input size=\"40\" maxlength=\"400\" class=\"wpcf7-form-control wpcf7-text wpcf7-validates-as-required\" aria-required=\"true\" aria-invalid=\"false\" value=\"\" type=\"text\" name=\"your-subject\" \/><\/span> <\/label>\n<\/p>\n<p><label> \u00dczenet<br \/>\n<span class=\"wpcf7-form-control-wrap\" data-name=\"your-message\"><textarea cols=\"40\" rows=\"10\" maxlength=\"2000\" class=\"wpcf7-form-control wpcf7-textarea\" aria-invalid=\"false\" name=\"your-message\"><\/textarea><\/span> <\/label>\n<\/p>\n<p><input class=\"wpcf7-form-control wpcf7-submit has-spinner\" type=\"submit\" value=\"Bek\u00fcld\u00e9s\" \/>\n<\/p><div class=\"wpcf7-response-output\" aria-hidden=\"true\"><\/div>\n<\/form>\n<\/div>\n<\/div>\n\n\n\n<p>Ha pedig mobilh\u00e1zat, kont\u00e9nerh\u00e1zat, r\u00f6nk vagy fah\u00e1zat, esetleg k\u00f6nny\u0171szerkezetes vagy SIP h\u00e1zat, illetve szakembert keres.. Itt k\u00e9rhet ingyenes aj\u00e1nlatot 1 perc alatt:<\/p>\n\n\n\n<p><a href=\"https:\/\/mobilhazkereso.hu\/?page_id=249\" data-type=\"URL\" data-id=\"https:\/\/mobilhazkereso.hu\/?page_id=249\">AJ\u00c1NLATK\u00c9R\u00c9S<\/a> <\/p>\n","protected":false},"excerpt":{"rendered":"<p>Szeretn\u00e9 ha az \u00d6n c\u00e9ge, term\u00e9ke is megjelenne a mobilh\u00e1z keres\u0151.hu-n? \u00cdrjon nek\u00fcnk! Ha pedig mobilh\u00e1zat, kont\u00e9nerh\u00e1zat, r\u00f6nk vagy fah\u00e1zat, esetleg k\u00f6nny\u0171szerkezetes vagy SIP h\u00e1zat, illetve szakembert keres.. Itt k\u00e9rhet ingyenes aj\u00e1nlatot 1 perc alatt: AJ\u00c1NLATK\u00c9R\u00c9S<\/p>\n","protected":false},"author":2,"featured_media":0,"parent":0,"menu_order":0,"comment_status":"closed","ping_status":"closed","template":"","meta":{"_monsterinsights_skip_tracking":false,"_monsterinsights_sitenote_active":false,"_monsterinsights_sitenote_note":"","_monsterinsights_sitenote_category":0,"ngg_post_thumbnail":0,"footnotes":""},"class_list":["post-45","page","type-page","status-publish","hentry"],"_links":{"self":[{"href":"https:\/\/mobilhazkereso.hu\/index.php?rest_route=\/wp\/v2\/pages\/45","targetHints":{"allow":["GET"]}}],"collection":[{"href":"https:\/\/mobilhazkereso.hu\/index.php?rest_route=\/wp\/v2\/pages"}],"about":[{"href":"https:\/\/mobilhazkereso.hu\/index.php?rest_route=\/wp\/v2\/types\/page"}],"author":[{"embeddable":true,"href":"https:\/\/mobilhazkereso.hu\/index.php?rest_route=\/wp\/v2\/users\/2"}],"replies":[{"embeddable":true,"href":"https:\/\/mobilhazkereso.hu\/index.php?rest_route=%2Fwp%2Fv2%2Fcomments&post=45"}],"version-history":[{"count":5,"href":"https:\/\/mobilhazkereso.hu\/index.php?rest_route=\/wp\/v2\/pages\/45\/revisions"}],"predecessor-version":[{"id":328,"href":"https:\/\/mobilhazkereso.hu\/index.php?rest_route=\/wp\/v2\/pages\/45\/revisions\/328"}],"wp:attachment":[{"href":"https:\/\/mobilhazkereso.hu\/index.php?rest_route=%2Fwp%2Fv2%2Fmedia&parent=45"}],"curies":[{"name":"wp","href":"https:\/\/api.w.org\/{rel}","templated":true}]}}