{"id":2829,"date":"2026-03-05T17:54:34","date_gmt":"2026-03-05T16:54:34","guid":{"rendered":"https:\/\/mobilhazkereso.hu\/?page_id=2829"},"modified":"2026-03-05T17:54:34","modified_gmt":"2026-03-05T16:54:34","slug":"miert-csalodnak-sokan-az-olcso-kinai-es-torok-kontenerhazakban","status":"publish","type":"page","link":"https:\/\/mobilhazkereso.hu\/?page_id=2829","title":{"rendered":"Mi\u00e9rt csal\u00f3dnak sokan az olcs\u00f3 k\u00ednai \u00e9s t\u00f6r\u00f6k kont\u00e9nerh\u00e1zakban?"},"content":{"rendered":"\n<p class=\"has-medium-font-size\"><strong>Az ut\u00f3bbi \u00e9vekben egyre t\u00f6bb ember \u00e9rdekl\u0151dik a kont\u00e9nerh\u00e1zak \u00e9s modul\u00e1ris \u00e9p\u00fcletek ir\u00e1nt. Nem v\u00e9letlen: gyorsan telep\u00edthet\u0151k, sok esetben kedvez\u0151 \u00e1r\u00faak, \u00e9s ak\u00e1r h\u00e9tv\u00e9gi h\u00e1zk\u00e9nt, irodak\u00e9nt vagy lak\u00f3\u00e9p\u00fcletk\u00e9nt is haszn\u00e1lhat\u00f3k.<\/strong><\/p>\n\n\n\n<p>Sokan azonban az interneten kering\u0151 rendk\u00edv\u00fcl olcs\u00f3 k\u00ednai vagy t\u00f6r\u00f6k kont\u00e9nerh\u00e1z aj\u00e1nlatok alapj\u00e1n d\u00f6ntenek \u2013 majd a v\u00e1s\u00e1rl\u00e1s ut\u00e1n csal\u00f3dnak. A tapasztalatok szerint ilyenkor sokan min\u0151s\u00e9gibb, megb\u00edzhat\u00f3bb alternat\u00edv\u00e1t keresnek, \u00e9s ekkor ker\u00fclnek k\u00e9pbe a magyar gy\u00e1rt\u00e1s\u00fa kont\u00e9nermegold\u00e1sok.<\/p>\n\n\n\n<p>A hazai gy\u00e1rt\u00f3k term\u00e9kei \u00e1ltal\u00e1ban valamivel magasabb \u00e1ron \u00e9rhet\u0151k el, azonban min\u0151s\u00e9gben \u00e9s tart\u00f3ss\u00e1gban jelent\u0151s k\u00fcl\u00f6nbs\u00e9get tapasztalhatunk. R\u00e1ad\u00e1sul hossz\u00fa t\u00e1von gyakran gazdas\u00e1gosabb v\u00e1laszt\u00e1snak bizonyulnak, mivel az olcs\u00f3 import kont\u00e9nerek eset\u00e9ben sokszor magasabb rezsik\u00f6lts\u00e9ggel \u00e9s t\u00f6bb ut\u00f3lagos jav\u00edt\u00e1ssal kell sz\u00e1molni.<\/p>\n\n\n\n<p>De n\u00e9zz\u00fck meg r\u00e9szletesen, milyen probl\u00e9m\u00e1k mer\u00fclhetnek fel az olcs\u00f3 import kont\u00e9nerh\u00e1zak eset\u00e9ben.<\/p>\n\n\n\n<div style=\"height:40px\" aria-hidden=\"true\" class=\"wp-block-spacer\"><\/div>\n\n\n\n<p><strong>Mik a h\u00e1tul\u00fct\u0151i, ha olcs\u00f3 k\u00ednai vagy t\u00f6r\u00f6k kont\u00e9nerh\u00e1zat v\u00e1lasztunk?<\/strong><\/p>\n\n\n\n<div style=\"height:40px\" aria-hidden=\"true\" class=\"wp-block-spacer\"><\/div>\n\n\n\n<ol class=\"wp-block-list\">\n<li class=\"has-medium-font-size\"><strong>Gyenge kivitelez\u00e9si min\u0151s\u00e9g<\/strong><\/li>\n<\/ol>\n\n\n\n<p>A k\u00f6z\u00f6ss\u00e9gi m\u00e9di\u00e1ban \u00e9s k\u00fcl\u00f6nb\u00f6z\u0151 f\u00f3rumokon egyre t\u00f6bb olyan besz\u00e1mol\u00f3 jelenik meg, ahol a v\u00e1s\u00e1rl\u00f3k min\u0151s\u00e9gi probl\u00e9m\u00e1kra panaszkodnak.<\/p>\n\n\n\n<p>Egy Facebook csoportban p\u00e9ld\u00e1ul egy tulajdonos arr\u00f3l sz\u00e1molt be, hogy a besz\u00e1ll\u00edt\u00f3 nem megfelel\u0151 min\u0151s\u00e9gben v\u00e9gezte el a munk\u00e1t, \u00e9s az \u00e9p\u00fclet t\u00f6bb ponton be\u00e1zott.<\/p>\n\n\n\n<p><strong>A leggyakrabban eml\u00edtett probl\u00e9m\u00e1k:<\/strong><\/p>\n\n\n\n<ul class=\"wp-block-list\">\n<li>rossz hegeszt\u00e9sek<\/li>\n<\/ul>\n\n\n\n<ul class=\"wp-block-list\">\n<li>v\u00e9kony ac\u00e9lszerkezet<\/li>\n<\/ul>\n\n\n\n<ul class=\"wp-block-list\">\n<li>hib\u00e1s vagy hi\u00e1nyos szigetel\u00e9s<\/li>\n<\/ul>\n\n\n\n<ul class=\"wp-block-list\">\n<li>be\u00e1z\u00e1s<\/li>\n<\/ul>\n\n\n\n<p>Ezek a hib\u00e1k k\u00fcl\u00f6n\u00f6sen akkor jelentkeznek, ha a kont\u00e9ner t\u00f6meggy\u00e1rt\u00e1sban, t\u00e1vol-keleti gy\u00e1rt\u00f3soron k\u00e9sz\u00fclt, \u00e9s nem a helyi \u00e9ghajlati viszonyokra tervezt\u00e9k.<\/p>\n\n\n\n<div style=\"height:40px\" aria-hidden=\"true\" class=\"wp-block-spacer\"><\/div>\n\n\n\n<ol start=\"2\" class=\"wp-block-list\">\n<li class=\"has-medium-font-size\"><strong>A rekl\u00e1mozott \u00e1r gyakran f\u00e9lrevezet\u0151<\/strong><\/li>\n<\/ol>\n\n\n\n<p>Az interneten gyakran tal\u00e1lkozhatunk rendk\u00edv\u00fcl alacsony \u00e1rakkal hirdetett kont\u00e9nerh\u00e1zakkal. Sok esetben azonban kider\u00fcl, hogy a hirdetett \u00e1r csak a kont\u00e9ner v\u00e1z\u00e1ra vonatkozik, \u00e9s sz\u00e1mos tov\u00e1bbi k\u00f6lts\u00e9g mer\u00fcl fel.<\/p>\n\n\n\n<p>A teljes projekt k\u00f6lts\u00e9g\u00e9hez ugyanis gyakran hozz\u00e1ad\u00f3dik:<\/p>\n\n\n\n<ul class=\"wp-block-list\">\n<li>sz\u00e1ll\u00edt\u00e1s<\/li>\n<\/ul>\n\n\n\n<ul class=\"wp-block-list\">\n<li>daruz\u00e1s<\/li>\n<\/ul>\n\n\n\n<ul class=\"wp-block-list\">\n<li>alapoz\u00e1s<\/li>\n<\/ul>\n\n\n\n<ul class=\"wp-block-list\">\n<li>k\u00f6zm\u0171vek ki\u00e9p\u00edt\u00e9se<\/li>\n<\/ul>\n\n\n\n<ul class=\"wp-block-list\">\n<li>v\u00e1m \u00e9s \u00e1fa<\/li>\n<\/ul>\n\n\n\n<ul class=\"wp-block-list\">\n<li>\u00f6sszeszerel\u00e9s<\/li>\n<\/ul>\n\n\n\n<p>\u00cdgy a kezdetben rendk\u00edv\u00fcl kedvez\u0151nek t\u0171n\u0151 aj\u00e1nlat<strong> v\u00e9g\u00fcl j\u00f3val dr\u00e1g\u00e1bb lehet a v\u00e1rtn\u00e1l.<\/strong><\/p>\n\n\n\n<div style=\"height:40px\" aria-hidden=\"true\" class=\"wp-block-spacer\"><\/div>\n\n\n\n<ol start=\"3\" class=\"wp-block-list\">\n<li class=\"has-medium-font-size\"><strong>Tart\u00f3ss\u00e1gi \u00e9s \u00e9lettartam probl\u00e9m\u00e1k<\/strong><\/li>\n<\/ol>\n\n\n\n<p>Sok \u00e9rdekl\u0151d\u0151 att\u00f3l tart, hogy az olcs\u00f3 import kont\u00e9nerh\u00e1zak nem el\u00e9g tart\u00f3sak hossz\u00fa t\u00e1von. Ez a f\u00e9lelem sok esetben nem alaptalan.<\/p>\n\n\n\n<p>Az ilyen konstrukci\u00f3kn\u00e1l gyakran felmer\u00fcl\u0151 probl\u00e9m\u00e1k:<\/p>\n\n\n\n<ul class=\"wp-block-list\">\n<li>gyors korr\u00f3zi\u00f3 \u00e9s rozsd\u00e1sod\u00e1s<\/li>\n<\/ul>\n\n\n\n<ul class=\"wp-block-list\">\n<li>v\u00e9kony ac\u00e9l szerkezeti elemek<\/li>\n<\/ul>\n\n\n\n<ul class=\"wp-block-list\">\n<li>r\u00f6videbb \u00e9lettartam (!)<\/li>\n<\/ul>\n\n\n\n<p>Ez k\u00fcl\u00f6n\u00f6sen akkor jellemz\u0151, ha a kont\u00e9ner t\u00f6meggy\u00e1rt\u00e1sban k\u00e9sz\u00fcl, \u00e9s nem a magyarorsz\u00e1gi id\u0151j\u00e1r\u00e1si viszonyokhoz igaz\u00edtott\u00e1k.<\/p>\n\n\n\n<div style=\"height:40px\" aria-hidden=\"true\" class=\"wp-block-spacer\"><\/div>\n\n\n\n<p class=\"has-medium-font-size\"><strong>Egyre t\u00f6bb a negat\u00edv v\u00e9lem\u00e9ny<\/strong><\/p>\n\n\n\n<p><\/p>\n\n\n\n<p>Az interneten \u2013 k\u00fcl\u00f6n\u00f6sen Facebook csoportokban \u00e9s f\u00f3rumokon \u2013 egyre gyakrabban tal\u00e1lkozhatunk az olcs\u00f3 olcs\u00f3 k\u00ednai vagy t\u00f6r\u00f6k kont\u00e9nerh\u00e1zakkal kapcsolatos kritik\u00e1kkal.<\/p>\n\n\n\n<p><strong>Az al\u00e1bbi id\u00e9zetek j\u00f3l t\u00fckr\u00f6zik a v\u00e1s\u00e1rl\u00f3k tapasztalatait:<\/strong><\/p>\n\n\n\n<p>\u201eA k\u00ednai kont\u00e9nerh\u00e1z egy sz*r.\u201d<\/p>\n\n\n\n<p>\u201epap\u00edron j\u00f3l n\u00e9z ki, de \u00e9l\u0151ben gagyi\u201d<\/p>\n\n\n\n<p>\u201ea rekl\u00e1m 3 milli\u00f3t \u00edg\u00e9r, v\u00e9g\u00fcl 8\u201310 milli\u00f3\u201d<\/p>\n\n\n\n<p>\u201eszigetel\u00e9s n\u00e9lk\u00fcl lakhatatlan\u201d<\/p>\n\n\n\n<p>\u201eA hirdetett \u00e1r sosem a v\u00e9gs\u0151 \u00e1r.\u201d<\/p>\n\n\n\n<p>\u201eSz\u00e1ll\u00edt\u00e1s ut\u00e1n j\u00f6nnek az extra k\u00f6lts\u00e9gek.\u201d<\/p>\n\n\n\n<p>\u201eA v\u00e9kony falak miatt nagyon rossz a h\u0151szigetel\u00e9s.\u201d<\/p>\n\n\n\n<div style=\"height:40px\" aria-hidden=\"true\" class=\"wp-block-spacer\"><\/div>\n\n\n\n<p class=\"has-medium-font-size\"><strong>Mi\u00e9rt lehet jobb v\u00e1laszt\u00e1s a magyar gy\u00e1rt\u00e1s\u00fa kont\u00e9ner?<\/strong><\/p>\n\n\n\n<p>\u00d6sszess\u00e9g\u00e9ben elmondhat\u00f3, hogy b\u00e1r az olcs\u00f3 import kont\u00e9nerh\u00e1zak els\u0151re cs\u00e1b\u00edt\u00f3 aj\u00e1nlatnak t\u0171nhetnek, hossz\u00fa t\u00e1von sok esetben t\u00f6bb probl\u00e9m\u00e1t \u00e9s t\u00f6bbletk\u00f6lts\u00e9get okoznak.<\/p>\n\n\n\n<p><strong>A magyar gy\u00e1rt\u00e1s\u00fa kont\u00e9nerek ezzel szemben \u00e1ltal\u00e1ban:<\/strong><\/p>\n\n\n\n<ul class=\"wp-block-list\">\n<li>er\u0151sebb szerkezettel k\u00e9sz\u00fclnek<\/li>\n<\/ul>\n\n\n\n<ul class=\"wp-block-list\">\n<li>jobb szigetel\u00e9ssel rendelkeznek<\/li>\n<\/ul>\n\n\n\n<ul class=\"wp-block-list\">\n<li>a hazai \u00e9ghajlati viszonyokra vannak tervezve<\/li>\n<\/ul>\n\n\n\n<ul class=\"wp-block-list\">\n<li>k\u00f6nnyebben szervizelhet\u0151k<\/li>\n<\/ul>\n\n\n\n<ul class=\"wp-block-list\">\n<li>megb\u00edzhat\u00f3bb garanci\u00e1val \u00e9rkeznek<\/li>\n<\/ul>\n\n\n\n<p>Ez\u00e9rt b\u00e1r a beszerz\u00e9si \u00e1ruk gyakran valamivel magasabb, hossz\u00fa t\u00e1von jobb befektet\u00e9snek bizonyulhatnak, hiszen stabilabb min\u0151s\u00e9get, alacsonyabb fenntart\u00e1si k\u00f6lts\u00e9geket \u00e9s nagyobb biztons\u00e1got ny\u00fajtanak.<\/p>\n\n\n\n<p>2026.03.05.<\/p>\n\n\n\n<p><em>A fenti cikk a Mobilh\u00e1zkeres\u0151.hu tulajdona.<\/em><\/p>\n\n\n\n<p><em>A Mobilh\u00e1zkeres\u0151.hu enged\u00e9lyt ad a szabad felhaszn\u00e1l\u00e1s\u00e1ra, de felt\u00e9tlen sz\u00fcks\u00e9ges az eredeti forr\u00e1s megjel\u00f6l\u00e9se, mely tartalmazza a Mobilh\u00e1zkeres\u0151.hu nev\u00e9t \u00e9s az eredeti cikkre mutat\u00f3 linket.<\/em><\/p>\n","protected":false},"excerpt":{"rendered":"<p>Az ut\u00f3bbi \u00e9vekben egyre t\u00f6bb ember \u00e9rdekl\u0151dik a kont\u00e9nerh\u00e1zak \u00e9s modul\u00e1ris \u00e9p\u00fcletek ir\u00e1nt. Nem v\u00e9letlen: gyorsan telep\u00edthet\u0151k, sok esetben kedvez\u0151 \u00e1r\u00faak, \u00e9s ak\u00e1r h\u00e9tv\u00e9gi h\u00e1zk\u00e9nt, irodak\u00e9nt vagy lak\u00f3\u00e9p\u00fcletk\u00e9nt is haszn\u00e1lhat\u00f3k. Sokan azonban az interneten kering\u0151 rendk\u00edv\u00fcl olcs\u00f3 k\u00ednai vagy t\u00f6r\u00f6k kont\u00e9nerh\u00e1z aj\u00e1nlatok alapj\u00e1n d\u00f6ntenek \u2013 majd a v\u00e1s\u00e1rl\u00e1s ut\u00e1n csal\u00f3dnak. A tapasztalatok szerint ilyenkor sokan&#8230;<\/p>\n","protected":false},"author":2,"featured_media":0,"parent":0,"menu_order":0,"comment_status":"closed","ping_status":"closed","template":"","meta":{"_monsterinsights_skip_tracking":false,"_monsterinsights_sitenote_active":false,"_monsterinsights_sitenote_note":"","_monsterinsights_sitenote_category":0,"ngg_post_thumbnail":0,"footnotes":""},"class_list":["post-2829","page","type-page","status-publish","hentry"],"_links":{"self":[{"href":"https:\/\/mobilhazkereso.hu\/index.php?rest_route=\/wp\/v2\/pages\/2829","targetHints":{"allow":["GET"]}}],"collection":[{"href":"https:\/\/mobilhazkereso.hu\/index.php?rest_route=\/wp\/v2\/pages"}],"about":[{"href":"https:\/\/mobilhazkereso.hu\/index.php?rest_route=\/wp\/v2\/types\/page"}],"author":[{"embeddable":true,"href":"https:\/\/mobilhazkereso.hu\/index.php?rest_route=\/wp\/v2\/users\/2"}],"replies":[{"embeddable":true,"href":"https:\/\/mobilhazkereso.hu\/index.php?rest_route=%2Fwp%2Fv2%2Fcomments&post=2829"}],"version-history":[{"count":10,"href":"https:\/\/mobilhazkereso.hu\/index.php?rest_route=\/wp\/v2\/pages\/2829\/revisions"}],"predecessor-version":[{"id":2839,"href":"https:\/\/mobilhazkereso.hu\/index.php?rest_route=\/wp\/v2\/pages\/2829\/revisions\/2839"}],"wp:attachment":[{"href":"https:\/\/mobilhazkereso.hu\/index.php?rest_route=%2Fwp%2Fv2%2Fmedia&parent=2829"}],"curies":[{"name":"wp","href":"https:\/\/api.w.org\/{rel}","templated":true}]}}