{"id":249,"date":"2023-03-20T15:44:53","date_gmt":"2023-03-20T14:44:53","guid":{"rendered":"https:\/\/mobilhazkereso.hu\/?page_id=249"},"modified":"2023-04-17T23:24:06","modified_gmt":"2023-04-17T21:24:06","slug":"ajanlatkeres-ingyenes","status":"publish","type":"page","link":"https:\/\/mobilhazkereso.hu\/?page_id=249","title":{"rendered":"Aj\u00e1nlatk\u00e9r\u00e9s (ingyenes!)"},"content":{"rendered":"\n<p>Ilyen k\u00f6nny\u0171 m\u00e9g sose volt!&nbsp;<\/p>\n\n\n\n<p>Elad\u00f3 \u00faj, vagy haszn\u00e1lt mobilh\u00e1zat, kont\u00e9nerh\u00e1zat, esetleg r\u00f6nk- vagy fah\u00e1zat, net\u00e1n k\u00f6nny\u0171szerkezetes\/SIP h\u00e1zat keres?<\/p>\n\n\n\n<p>Itt most r\u00f6viden le\u00edrhatja, mik a pontos elv\u00e1r\u00e1sai, majd a gy\u00e1rt\u00f3k\/forgalmaz\u00f3k az \u00d6n \u00e1ltal megadott el\u00e9rhet\u0151s\u00e9geken fogj\u00e1k keresni aj\u00e1nlataikkal. <\/p>\n\n\n\n<p>T\u00f6ltse ki p\u00e1r perc alatt egyszer\u0171 \u0171rlapunkat, adja meg nev\u00e9t, e-mail c\u00edm\u00e9t, \u00e9s hamarosan \u00e9rkeznek is \u00d6nh\u00f6z az aj\u00e1nlatok!<\/p>\n\n\n\n<div class=\"wp-block-contact-form-7-contact-form-selector\">\n<div class=\"wpcf7 no-js\" id=\"wpcf7-f248-o1\" lang=\"hu-HU\" dir=\"ltr\" data-wpcf7-id=\"248\">\n<div class=\"screen-reader-response\"><p role=\"status\" aria-live=\"polite\" aria-atomic=\"true\"><\/p> <ul><\/ul><\/div>\n<form action=\"\/index.php?rest_route=%2Fwp%2Fv2%2Fpages%2F249#wpcf7-f248-o1\" method=\"post\" class=\"wpcf7-form init\" aria-label=\"Kapcsolatfelv\u00e9teli \u0171rlap\" novalidate=\"novalidate\" data-status=\"init\">\n<fieldset class=\"hidden-fields-container\"><input type=\"hidden\" name=\"_wpcf7\" value=\"248\" \/><input type=\"hidden\" name=\"_wpcf7_version\" value=\"6.1.5\" \/><input type=\"hidden\" name=\"_wpcf7_locale\" value=\"hu_HU\" \/><input type=\"hidden\" name=\"_wpcf7_unit_tag\" value=\"wpcf7-f248-o1\" \/><input type=\"hidden\" name=\"_wpcf7_container_post\" value=\"0\" \/><input type=\"hidden\" name=\"_wpcf7_posted_data_hash\" value=\"\" \/>\n<\/fieldset>\n<p><label> N\u00e9v<br \/>\n<span class=\"wpcf7-form-control-wrap\" data-name=\"your-name\"><input size=\"40\" maxlength=\"400\" class=\"wpcf7-form-control wpcf7-text wpcf7-validates-as-required\" autocomplete=\"name\" aria-required=\"true\" aria-invalid=\"false\" value=\"\" type=\"text\" name=\"your-name\" \/><\/span> <\/label>\n<\/p>\n<p><label> E-mail c\u00edm <b>(Fontos! K\u00e9rj\u00fck, figyelmesen adja meg e-mail c\u00edm\u00e9t, mert a gy\u00e1rt\u00f3k \u00e9s forgalmaz\u00f3k ezen kereszt\u00fcl tudj\u00e1k \u00d6nnel felvenni a kapcsolatot! A telefonsz\u00e1m\u00e1t al\u00e1bb, az \"\u00fczenet\" r\u00e9szben tudja megadni.)<\/b><br \/>\n<span class=\"wpcf7-form-control-wrap\" data-name=\"your-email\"><input size=\"40\" maxlength=\"400\" class=\"wpcf7-form-control wpcf7-email wpcf7-validates-as-required wpcf7-text wpcf7-validates-as-email\" autocomplete=\"email\" aria-required=\"true\" aria-invalid=\"false\" value=\"\" type=\"email\" name=\"your-email\" \/><\/span> <\/label>\n<\/p>\n<p><label> \u00dczenet (<b>K\u00e9rj\u00fck, adja meg telefonsz\u00e1m\u00e1t a gyors kapcsolatfelv\u00e9tel v\u00e9gett. <\/b>Valamint \u00edrja le p\u00e1r sz\u00f3ban, hogy pontosan mit keres! Mobilh\u00e1zat, kont\u00e9nerh\u00e1zat, r\u00f6nk- vagy fah\u00e1zat, k\u00f6nny\u0171szerkezetes- vagy SIP h\u00e1zat? Illetve, hogy mire szeretn\u00e9 haszn\u00e1lni azt: \u00c1lland\u00f3 lakhat\u00e1sra? Nyaral\u00f3nak? Irod\u00e1nak? Vagy kereskedelmi egys\u00e9gnek? Valamint hogy melyik telep\u00fcl\u00e9sen szeretn\u00e9 elhelyezni?)<br \/>\n<span class=\"wpcf7-form-control-wrap\" data-name=\"your-message\"><textarea cols=\"40\" rows=\"10\" maxlength=\"2000\" class=\"wpcf7-form-control wpcf7-textarea\" aria-invalid=\"false\" name=\"your-message\"><\/textarea><\/span> <\/label>\n<\/p>\n<p><input class=\"wpcf7-form-control wpcf7-submit has-spinner\" type=\"submit\" value=\"Bek\u00fcld\u00e9s\" \/>\n<\/p><div class=\"wpcf7-response-output\" aria-hidden=\"true\"><\/div>\n<\/form>\n<\/div>\n<\/div>\n","protected":false},"excerpt":{"rendered":"<p>Ilyen k\u00f6nny\u0171 m\u00e9g sose volt!&nbsp; Elad\u00f3 \u00faj, vagy haszn\u00e1lt mobilh\u00e1zat, kont\u00e9nerh\u00e1zat, esetleg r\u00f6nk- vagy fah\u00e1zat, net\u00e1n k\u00f6nny\u0171szerkezetes\/SIP h\u00e1zat keres? Itt most r\u00f6viden le\u00edrhatja, mik a pontos elv\u00e1r\u00e1sai, majd a gy\u00e1rt\u00f3k\/forgalmaz\u00f3k az \u00d6n \u00e1ltal megadott el\u00e9rhet\u0151s\u00e9geken fogj\u00e1k keresni aj\u00e1nlataikkal. T\u00f6ltse ki p\u00e1r perc alatt egyszer\u0171 \u0171rlapunkat, adja meg nev\u00e9t, e-mail c\u00edm\u00e9t, \u00e9s hamarosan \u00e9rkeznek is \u00d6nh\u00f6z&#8230;<\/p>\n","protected":false},"author":2,"featured_media":0,"parent":0,"menu_order":0,"comment_status":"closed","ping_status":"closed","template":"","meta":{"_monsterinsights_skip_tracking":false,"_monsterinsights_sitenote_active":false,"_monsterinsights_sitenote_note":"","_monsterinsights_sitenote_category":0,"ngg_post_thumbnail":0,"footnotes":""},"class_list":["post-249","page","type-page","status-publish","hentry"],"_links":{"self":[{"href":"https:\/\/mobilhazkereso.hu\/index.php?rest_route=\/wp\/v2\/pages\/249","targetHints":{"allow":["GET"]}}],"collection":[{"href":"https:\/\/mobilhazkereso.hu\/index.php?rest_route=\/wp\/v2\/pages"}],"about":[{"href":"https:\/\/mobilhazkereso.hu\/index.php?rest_route=\/wp\/v2\/types\/page"}],"author":[{"embeddable":true,"href":"https:\/\/mobilhazkereso.hu\/index.php?rest_route=\/wp\/v2\/users\/2"}],"replies":[{"embeddable":true,"href":"https:\/\/mobilhazkereso.hu\/index.php?rest_route=%2Fwp%2Fv2%2Fcomments&post=249"}],"version-history":[{"count":7,"href":"https:\/\/mobilhazkereso.hu\/index.php?rest_route=\/wp\/v2\/pages\/249\/revisions"}],"predecessor-version":[{"id":733,"href":"https:\/\/mobilhazkereso.hu\/index.php?rest_route=\/wp\/v2\/pages\/249\/revisions\/733"}],"wp:attachment":[{"href":"https:\/\/mobilhazkereso.hu\/index.php?rest_route=%2Fwp%2Fv2%2Fmedia&parent=249"}],"curies":[{"name":"wp","href":"https:\/\/api.w.org\/{rel}","templated":true}]}}